{"id":13628,"date":"2023-01-03T13:50:38","date_gmt":"2023-01-03T10:50:38","guid":{"rendered":"https:\/\/www.frostcar.com\/?page_id=13628"},"modified":"2023-01-03T14:07:19","modified_gmt":"2023-01-03T11:07:19","slug":"sss","status":"publish","type":"page","link":"https:\/\/www.frostcar.com\/tr\/sss\/","title":{"rendered":"SSS"},"content":{"rendered":"[vc_section full_width=&#8221;stretch_row&#8221; pix_bg_grdient=&#8221;bg-gradient-dark&#8221; fade_in_opacity=&#8221;pix-opacity-8&#8243; pix_over_visibility=&#8221;&#8221; pix_overlay_color=&#8221;black&#8221; css=&#8221;.vc_custom_1672743181683{padding-top: 80px !important;padding-bottom: 150px !important;}&#8221; pix_overlay_opacity=&#8221;0.45&#8243; fade_in_intro=&#8221;13419&#8243;][vc_row full_width=&#8221;stretch_row&#8221; pix_particles_check=&#8221;&#8221;][vc_column content_align=&#8221;text-center&#8221;]<div id=\"el1672743013374-21032fb6-312c\" class=\"mb-3 text-center \"><h3 class=\"mb-32 pix-sliding-headline font-weight-bold secondary-font\" data-class=\"secondary-font text-white\" data-style=\"\">S\u0131k Sorulan Sorular<\/h3><\/div>[\/vc_column][\/vc_row][\/vc_section][vc_section full_width=&#8221;stretch_row&#8221; pix_over_visibility=&#8221;&#8221; pix_visibility=&#8221;1&#8243; bottom_divider_color=&#8221;&#8221; css=&#8221;.vc_custom_1591073869589{background-color: #f8f9fa !important;}&#8221;][\/vc_section][vc_row content_placement=&#8221;middle&#8221; pix_particles_check=&#8221;&#8221; css=&#8221;.vc_custom_1589907937654{padding-top: 80px !important;padding-bottom: 80px !important;}&#8221;][vc_column css=&#8221;.vc_custom_1592348346180{padding-top: 30px !important;padding-bottom: 30px !important;}&#8221;]<div class=\"pix-content-box card      vc_custom_1591071939137    rounded-10 shadow-sm shadow-hover-sm fly-sm animate-in bg- w-100  \"  data-anim-type=\"fade-in-up\" data-anim-delay=\"200\"><div class=\"\" style=\"z-index:30;position:relative;\"><div id=\"1672743217686-8d24f2a7-4d3f\" class=\"media \"><div class=\"rounded-circle mr-3 d-inline-block2 d-inline-flex align-items-center justify-content-center line-height-0 bg-primary-light animate-in\" data-anim-type=\"fade-in-up\" data-anim-delay=\"1000\" style=\" width:64.8px;height:64.8px;position:relative;text-align:center;\"><div class=\"text-primary\" style=\"display:inline-block;width:36px;height:36px;font-size:36px;\"><svg width=\"100%\" height=\"100%\" viewBox=\"0 0 24 24\" version=\"1.1\" xmlns=\"http:\/\/www.w3.org\/2000\/svg\" xmlns:xlink=\"http:\/\/www.w3.org\/1999\/xlink\"> <defs><\/defs> <g stroke=\"none\" stroke-width=\"1\" fill=\"none\" fill-rule=\"evenodd\"> <path d=\"M4.875,20.75 C4.63541667,20.75 4.39583333,20.6541667 4.20416667,20.4625 L2.2875,18.5458333 C1.90416667,18.1625 1.90416667,17.5875 2.2875,17.2041667 C2.67083333,16.8208333 3.29375,16.8208333 3.62916667,17.2041667 L4.875,18.45 L8.0375,15.2875 C8.42083333,14.9041667 8.99583333,14.9041667 9.37916667,15.2875 C9.7625,15.6708333 9.7625,16.2458333 9.37916667,16.6291667 L5.54583333,20.4625 C5.35416667,20.6541667 5.11458333,20.75 4.875,20.75 Z\" id=\"check\" fill=\"#000000\" fill-rule=\"nonzero\" opacity=\"0.3\"><\/path> <path d=\"M2,11.8650466 L2,6 C2,4.34314575 3.34314575,3 5,3 L19,3 C20.6568542,3 22,4.34314575 22,6 L22,15 C22,15.0032706 21.9999948,15.0065399 21.9999843,15.009808 L22.0249378,15 L22.0249378,19.5857864 C22.0249378,20.1380712 21.5772226,20.5857864 21.0249378,20.5857864 C20.7597213,20.5857864 20.5053674,20.4804296 20.317831,20.2928932 L18.0249378,18 L12.9835977,18 C12.7263047,14.0909841 9.47412135,11 5.5,11 C4.23590829,11 3.04485894,11.3127315 2,11.8650466 Z M6,7 C5.44771525,7 5,7.44771525 5,8 C5,8.55228475 5.44771525,9 6,9 L15,9 C15.5522847,9 16,8.55228475 16,8 C16,7.44771525 15.5522847,7 15,7 L6,7 Z\" fill=\"#000000\"><\/path> <\/g> <\/svg><\/div><\/div><div class=\"media-body text-left\"><h6 class=\"font-weight-bold  secondary-font text-heading-default animate-in \" style=\"\" data-anim-type=\"fade-in-up\" data-anim-delay=\"1100\">\u00d6tektik plakal\u0131 so\u011futulmu\u015f g\u00f6vde ile hangi \u00fcr\u00fcnler teslim edilebilir?<\/h6><div class=\"text-body-default     text-justify animate-in\" style=\"padding-top:10px;\" data-anim-type=\"fade-in-up\" data-anim-delay=\"1200\">D\u00fc\u015f\u00fck s\u0131cakl\u0131kta (-33\u00b0C) \u00f6tektik so\u011futmal\u0131 g\u00f6vdeler, dondurma, dondurulmu\u015f sebze ve etler, dondurulmu\u015f hamur i\u015fleri ve dondurulmu\u015f haz\u0131r yemekler sunmak i\u00e7in en iyi \u00e7\u00f6z\u00fcmd\u00fcr. Pozitif s\u0131cakl\u0131kta (0\/+4\u00b0C) so\u011futulmu\u015f g\u00f6vdeler, s\u00fct \u00fcr\u00fcnleri, et, taze hamur i\u015fleri, meyve sular\u0131 vb. teslimat\u0131 i\u00e7in kullan\u0131labilir.<\/div><\/div><\/div><\/div><\/div><div class=\"pix-content-box card      vc_custom_1591071939137    rounded-10 shadow-sm shadow-hover-sm fly-sm animate-in bg- w-100  \"  data-anim-type=\"fade-in-up\" data-anim-delay=\"200\"><div class=\"\" style=\"z-index:30;position:relative;\"><div id=\"1672743559397-e82c762c-d4e1\" class=\"media \"><div class=\"rounded-circle mr-3 d-inline-block2 d-inline-flex align-items-center justify-content-center line-height-0 bg-primary-light animate-in\" data-anim-type=\"fade-in-up\" data-anim-delay=\"1000\" style=\" width:64.8px;height:64.8px;position:relative;text-align:center;\"><div class=\"text-primary\" style=\"display:inline-block;width:36px;height:36px;font-size:36px;\"><svg width=\"100%\" height=\"100%\" viewBox=\"0 0 24 24\" version=\"1.1\" xmlns=\"http:\/\/www.w3.org\/2000\/svg\" xmlns:xlink=\"http:\/\/www.w3.org\/1999\/xlink\"> <defs><\/defs> <g stroke=\"none\" stroke-width=\"1\" fill=\"none\" fill-rule=\"evenodd\"> <path d=\"M4.875,20.75 C4.63541667,20.75 4.39583333,20.6541667 4.20416667,20.4625 L2.2875,18.5458333 C1.90416667,18.1625 1.90416667,17.5875 2.2875,17.2041667 C2.67083333,16.8208333 3.29375,16.8208333 3.62916667,17.2041667 L4.875,18.45 L8.0375,15.2875 C8.42083333,14.9041667 8.99583333,14.9041667 9.37916667,15.2875 C9.7625,15.6708333 9.7625,16.2458333 9.37916667,16.6291667 L5.54583333,20.4625 C5.35416667,20.6541667 5.11458333,20.75 4.875,20.75 Z\" id=\"check\" fill=\"#000000\" fill-rule=\"nonzero\" opacity=\"0.3\"><\/path> <path d=\"M2,11.8650466 L2,6 C2,4.34314575 3.34314575,3 5,3 L19,3 C20.6568542,3 22,4.34314575 22,6 L22,15 C22,15.0032706 21.9999948,15.0065399 21.9999843,15.009808 L22.0249378,15 L22.0249378,19.5857864 C22.0249378,20.1380712 21.5772226,20.5857864 21.0249378,20.5857864 C20.7597213,20.5857864 20.5053674,20.4804296 20.317831,20.2928932 L18.0249378,18 L12.9835977,18 C12.7263047,14.0909841 9.47412135,11 5.5,11 C4.23590829,11 3.04485894,11.3127315 2,11.8650466 Z M6,7 C5.44771525,7 5,7.44771525 5,8 C5,8.55228475 5.44771525,9 6,9 L15,9 C15.5522847,9 16,8.55228475 16,8 C16,7.44771525 15.5522847,7 15,7 L6,7 Z\" fill=\"#000000\"><\/path> <\/g> <\/svg><\/div><\/div><div class=\"media-body text-left\"><h6 class=\"font-weight-bold  secondary-font text-heading-default animate-in \" style=\"\" data-anim-type=\"fade-in-up\" data-anim-delay=\"1100\">Kasada ayn\u0131 anda ka\u00e7 farkl\u0131 \u00fcr\u00fcn ta\u015f\u0131nabilir?<\/h6><div class=\"text-body-default     text-justify animate-in\" style=\"padding-top:10px;\" data-anim-type=\"fade-in-up\" data-anim-delay=\"1200\">\u00d6zel olarak tasarlanm\u0131\u015f ve segmentlere ayr\u0131lm\u0131\u015f \u00f6tektik kamyon g\u00f6vdelerimiz, ihtiyaca g\u00f6re farkl\u0131 s\u0131cakl\u0131k de\u011ferlerindeki \u00fcr\u00fcnleri ta\u015f\u0131ma imkan\u0131 sunmaktad\u0131r. \u00dcr\u00fcnler -33C&#8217;de, 0 \/ + 4C&#8217;de veya so\u011futmas\u0131z b\u00f6l\u00fcmlerde ayn\u0131 anda ta\u015f\u0131nabilir.<\/div><\/div><\/div><\/div><\/div><div class=\"pix-content-box card      vc_custom_1591071939137    rounded-10 shadow-sm shadow-hover-sm fly-sm animate-in bg- w-100  \"  data-anim-type=\"fade-in-up\" data-anim-delay=\"200\"><div class=\"\" style=\"z-index:30;position:relative;\"><div id=\"1672743558483-b461457e-0c09\" class=\"media \"><div class=\"rounded-circle mr-3 d-inline-block2 d-inline-flex align-items-center justify-content-center line-height-0 bg-primary-light animate-in\" data-anim-type=\"fade-in-up\" data-anim-delay=\"1000\" style=\" width:64.8px;height:64.8px;position:relative;text-align:center;\"><div class=\"text-primary\" style=\"display:inline-block;width:36px;height:36px;font-size:36px;\"><svg width=\"100%\" height=\"100%\" viewBox=\"0 0 24 24\" version=\"1.1\" xmlns=\"http:\/\/www.w3.org\/2000\/svg\" xmlns:xlink=\"http:\/\/www.w3.org\/1999\/xlink\"> <defs><\/defs> <g stroke=\"none\" stroke-width=\"1\" fill=\"none\" fill-rule=\"evenodd\"> <path d=\"M4.875,20.75 C4.63541667,20.75 4.39583333,20.6541667 4.20416667,20.4625 L2.2875,18.5458333 C1.90416667,18.1625 1.90416667,17.5875 2.2875,17.2041667 C2.67083333,16.8208333 3.29375,16.8208333 3.62916667,17.2041667 L4.875,18.45 L8.0375,15.2875 C8.42083333,14.9041667 8.99583333,14.9041667 9.37916667,15.2875 C9.7625,15.6708333 9.7625,16.2458333 9.37916667,16.6291667 L5.54583333,20.4625 C5.35416667,20.6541667 5.11458333,20.75 4.875,20.75 Z\" id=\"check\" fill=\"#000000\" fill-rule=\"nonzero\" opacity=\"0.3\"><\/path> <path d=\"M2,11.8650466 L2,6 C2,4.34314575 3.34314575,3 5,3 L19,3 C20.6568542,3 22,4.34314575 22,6 L22,15 C22,15.0032706 21.9999948,15.0065399 21.9999843,15.009808 L22.0249378,15 L22.0249378,19.5857864 C22.0249378,20.1380712 21.5772226,20.5857864 21.0249378,20.5857864 C20.7597213,20.5857864 20.5053674,20.4804296 20.317831,20.2928932 L18.0249378,18 L12.9835977,18 C12.7263047,14.0909841 9.47412135,11 5.5,11 C4.23590829,11 3.04485894,11.3127315 2,11.8650466 Z M6,7 C5.44771525,7 5,7.44771525 5,8 C5,8.55228475 5.44771525,9 6,9 L15,9 C15.5522847,9 16,8.55228475 16,8 C16,7.44771525 15.5522847,7 15,7 L6,7 Z\" fill=\"#000000\"><\/path> <\/g> <\/svg><\/div><\/div><div class=\"media-body text-left\"><h6 class=\"font-weight-bold  secondary-font text-heading-default animate-in \" style=\"\" data-anim-type=\"fade-in-up\" data-anim-delay=\"1100\">Bir g\u00f6vde \u00fcretmek i\u00e7in montaj \u015fasisini Frostcar fabrikas\u0131na g\u00f6ndermek gerekli midir?<\/h6><div class=\"text-body-default     text-justify animate-in\" style=\"padding-top:10px;\" data-anim-type=\"fade-in-up\" data-anim-delay=\"1200\">Teknik departman\u0131m\u0131z sadece \u015fasi kabinin marka, model ve dingil mesafesi belirtilerek teknik resmini alarak g\u00f6vdeyi \u00fcretebilmektedir. Ba\u015fvuru yap\u0131lacak arac\u0131n teknik bilgilerini i\u00e7eren standart formu doldurman\u0131z yeterli olacakt\u0131r.<\/div><\/div><\/div><\/div><\/div><div class=\"pix-content-box card      vc_custom_1591071939137    rounded-10 shadow-sm shadow-hover-sm fly-sm animate-in bg- w-100  \"  data-anim-type=\"fade-in-up\" data-anim-delay=\"200\"><div class=\"\" style=\"z-index:30;position:relative;\"><div id=\"1672743557125-839d20c8-a695\" class=\"media \"><div class=\"rounded-circle mr-3 d-inline-block2 d-inline-flex align-items-center justify-content-center line-height-0 bg-primary-light animate-in\" data-anim-type=\"fade-in-up\" data-anim-delay=\"1000\" style=\" width:64.8px;height:64.8px;position:relative;text-align:center;\"><div class=\"text-primary\" style=\"display:inline-block;width:36px;height:36px;font-size:36px;\"><svg width=\"100%\" height=\"100%\" viewBox=\"0 0 24 24\" version=\"1.1\" xmlns=\"http:\/\/www.w3.org\/2000\/svg\" xmlns:xlink=\"http:\/\/www.w3.org\/1999\/xlink\"> <defs><\/defs> <g stroke=\"none\" stroke-width=\"1\" fill=\"none\" fill-rule=\"evenodd\"> <path d=\"M4.875,20.75 C4.63541667,20.75 4.39583333,20.6541667 4.20416667,20.4625 L2.2875,18.5458333 C1.90416667,18.1625 1.90416667,17.5875 2.2875,17.2041667 C2.67083333,16.8208333 3.29375,16.8208333 3.62916667,17.2041667 L4.875,18.45 L8.0375,15.2875 C8.42083333,14.9041667 8.99583333,14.9041667 9.37916667,15.2875 C9.7625,15.6708333 9.7625,16.2458333 9.37916667,16.6291667 L5.54583333,20.4625 C5.35416667,20.6541667 5.11458333,20.75 4.875,20.75 Z\" id=\"check\" fill=\"#000000\" fill-rule=\"nonzero\" opacity=\"0.3\"><\/path> <path d=\"M2,11.8650466 L2,6 C2,4.34314575 3.34314575,3 5,3 L19,3 C20.6568542,3 22,4.34314575 22,6 L22,15 C22,15.0032706 21.9999948,15.0065399 21.9999843,15.009808 L22.0249378,15 L22.0249378,19.5857864 C22.0249378,20.1380712 21.5772226,20.5857864 21.0249378,20.5857864 C20.7597213,20.5857864 20.5053674,20.4804296 20.317831,20.2928932 L18.0249378,18 L12.9835977,18 C12.7263047,14.0909841 9.47412135,11 5.5,11 C4.23590829,11 3.04485894,11.3127315 2,11.8650466 Z M6,7 C5.44771525,7 5,7.44771525 5,8 C5,8.55228475 5.44771525,9 6,9 L15,9 C15.5522847,9 16,8.55228475 16,8 C16,7.44771525 15.5522847,7 15,7 L6,7 Z\" fill=\"#000000\"><\/path> <\/g> <\/svg><\/div><\/div><div class=\"media-body text-left\"><h6 class=\"font-weight-bold  secondary-font text-heading-default animate-in \" style=\"\" data-anim-type=\"fade-in-up\" data-anim-delay=\"1100\">\u00d6tektik plakal\u0131 g\u00f6vdeler \u00e7ok mu bak\u0131ma ihtiya\u00e7 duyuyor?<\/h6><div class=\"text-body-default     text-justify animate-in\" style=\"padding-top:10px;\" data-anim-type=\"fade-in-up\" data-anim-delay=\"1200\">\u00d6tektik plakal\u0131 so\u011futmal\u0131 g\u00f6vdeler, \u00fcflemeli tip sistemlere g\u00f6re %60&#8217;a varan oranda daha az bak\u0131m gerektirir.<\/div><\/div><\/div><\/div><\/div><div class=\"pix-content-box card      vc_custom_1591071939137    rounded-10 shadow-sm shadow-hover-sm fly-sm animate-in bg- w-100  \"  data-anim-type=\"fade-in-up\" data-anim-delay=\"200\"><div class=\"\" style=\"z-index:30;position:relative;\"><div id=\"1672743580931-35e8b3a6-3d38\" class=\"media \"><div class=\"rounded-circle mr-3 d-inline-block2 d-inline-flex align-items-center justify-content-center line-height-0 bg-primary-light animate-in\" data-anim-type=\"fade-in-up\" data-anim-delay=\"1000\" style=\" width:64.8px;height:64.8px;position:relative;text-align:center;\"><div class=\"text-primary\" style=\"display:inline-block;width:36px;height:36px;font-size:36px;\"><svg width=\"100%\" height=\"100%\" viewBox=\"0 0 24 24\" version=\"1.1\" xmlns=\"http:\/\/www.w3.org\/2000\/svg\" xmlns:xlink=\"http:\/\/www.w3.org\/1999\/xlink\"> <defs><\/defs> <g stroke=\"none\" stroke-width=\"1\" fill=\"none\" fill-rule=\"evenodd\"> <path d=\"M4.875,20.75 C4.63541667,20.75 4.39583333,20.6541667 4.20416667,20.4625 L2.2875,18.5458333 C1.90416667,18.1625 1.90416667,17.5875 2.2875,17.2041667 C2.67083333,16.8208333 3.29375,16.8208333 3.62916667,17.2041667 L4.875,18.45 L8.0375,15.2875 C8.42083333,14.9041667 8.99583333,14.9041667 9.37916667,15.2875 C9.7625,15.6708333 9.7625,16.2458333 9.37916667,16.6291667 L5.54583333,20.4625 C5.35416667,20.6541667 5.11458333,20.75 4.875,20.75 Z\" id=\"check\" fill=\"#000000\" fill-rule=\"nonzero\" opacity=\"0.3\"><\/path> <path d=\"M2,11.8650466 L2,6 C2,4.34314575 3.34314575,3 5,3 L19,3 C20.6568542,3 22,4.34314575 22,6 L22,15 C22,15.0032706 21.9999948,15.0065399 21.9999843,15.009808 L22.0249378,15 L22.0249378,19.5857864 C22.0249378,20.1380712 21.5772226,20.5857864 21.0249378,20.5857864 C20.7597213,20.5857864 20.5053674,20.4804296 20.317831,20.2928932 L18.0249378,18 L12.9835977,18 C12.7263047,14.0909841 9.47412135,11 5.5,11 C4.23590829,11 3.04485894,11.3127315 2,11.8650466 Z M6,7 C5.44771525,7 5,7.44771525 5,8 C5,8.55228475 5.44771525,9 6,9 L15,9 C15.5522847,9 16,8.55228475 16,8 C16,7.44771525 15.5522847,7 15,7 L6,7 Z\" fill=\"#000000\"><\/path> <\/g> <\/svg><\/div><\/div><div class=\"media-body text-left\"><h6 class=\"font-weight-bold  secondary-font text-heading-default animate-in \" style=\"\" data-anim-type=\"fade-in-up\" data-anim-delay=\"1100\">\u00d6tektik plakalar (so\u011futma plakalar\u0131) ne kadar s\u00fcre \u015farj olacak?<\/h6><div class=\"text-body-default     text-justify animate-in\" style=\"padding-top:10px;\" data-anim-type=\"fade-in-up\" data-anim-delay=\"1200\">\u0130lk \u015farj en az 12 saat olmal\u0131d\u0131r. \u0130lk \u015farjdan sonra 8-9 saat \u015farj edilmesi yeterlidir.<\/div><\/div><\/div><\/div><\/div><div class=\"pix-content-box card      vc_custom_1591071939137    rounded-10 shadow-sm shadow-hover-sm fly-sm animate-in bg- w-100  \"  data-anim-type=\"fade-in-up\" data-anim-delay=\"200\"><div class=\"\" style=\"z-index:30;position:relative;\"><div id=\"1672743579749-0f7e207c-2f4d\" class=\"media \"><div class=\"rounded-circle mr-3 d-inline-block2 d-inline-flex align-items-center justify-content-center line-height-0 bg-primary-light animate-in\" data-anim-type=\"fade-in-up\" data-anim-delay=\"1000\" style=\" width:64.8px;height:64.8px;position:relative;text-align:center;\"><div class=\"text-primary\" style=\"display:inline-block;width:36px;height:36px;font-size:36px;\"><svg width=\"100%\" height=\"100%\" viewBox=\"0 0 24 24\" version=\"1.1\" xmlns=\"http:\/\/www.w3.org\/2000\/svg\" xmlns:xlink=\"http:\/\/www.w3.org\/1999\/xlink\"> <defs><\/defs> <g stroke=\"none\" stroke-width=\"1\" fill=\"none\" fill-rule=\"evenodd\"> <path d=\"M4.875,20.75 C4.63541667,20.75 4.39583333,20.6541667 4.20416667,20.4625 L2.2875,18.5458333 C1.90416667,18.1625 1.90416667,17.5875 2.2875,17.2041667 C2.67083333,16.8208333 3.29375,16.8208333 3.62916667,17.2041667 L4.875,18.45 L8.0375,15.2875 C8.42083333,14.9041667 8.99583333,14.9041667 9.37916667,15.2875 C9.7625,15.6708333 9.7625,16.2458333 9.37916667,16.6291667 L5.54583333,20.4625 C5.35416667,20.6541667 5.11458333,20.75 4.875,20.75 Z\" id=\"check\" fill=\"#000000\" fill-rule=\"nonzero\" opacity=\"0.3\"><\/path> <path d=\"M2,11.8650466 L2,6 C2,4.34314575 3.34314575,3 5,3 L19,3 C20.6568542,3 22,4.34314575 22,6 L22,15 C22,15.0032706 21.9999948,15.0065399 21.9999843,15.009808 L22.0249378,15 L22.0249378,19.5857864 C22.0249378,20.1380712 21.5772226,20.5857864 21.0249378,20.5857864 C20.7597213,20.5857864 20.5053674,20.4804296 20.317831,20.2928932 L18.0249378,18 L12.9835977,18 C12.7263047,14.0909841 9.47412135,11 5.5,11 C4.23590829,11 3.04485894,11.3127315 2,11.8650466 Z M6,7 C5.44771525,7 5,7.44771525 5,8 C5,8.55228475 5.44771525,9 6,9 L15,9 C15.5522847,9 16,8.55228475 16,8 C16,7.44771525 15.5522847,7 15,7 L6,7 Z\" fill=\"#000000\"><\/path> <\/g> <\/svg><\/div><\/div><div class=\"media-body text-left\"><h6 class=\"font-weight-bold  secondary-font text-heading-default animate-in \" style=\"\" data-anim-type=\"fade-in-up\" data-anim-delay=\"1100\">\u015earj i\u015flemi tamamland\u0131ktan sonra \u00f6tektik g\u00f6vde ne kadar s\u00fcreyle \u00e7al\u0131\u015ft\u0131r\u0131lmal\u0131d\u0131r?<\/h6><div class=\"text-body-default     text-justify animate-in\" style=\"padding-top:10px;\" data-anim-type=\"fade-in-up\" data-anim-delay=\"1200\">\u015earj sonras\u0131nda kasan\u0131n i\u00e7 s\u0131cakl\u0131\u011f\u0131 -40C dereceye ula\u015f\u0131yor. Bir\u00e7ok fakt\u00f6r servis s\u00fcresini etkiler. 1 i\u015f g\u00fcn\u00fcnde 60 adet kap\u0131 a\u00e7ma\/kapama i\u015flemi i\u00e7in Ar-Ge \u00e7al\u0131\u015fmalar\u0131 yap\u0131lm\u0131\u015ft\u0131r. \u00d6tektik kamyon kasalar\u0131m\u0131z yakla\u015f\u0131k 10-12 saat i\u00e7erisinde s\u0131cakl\u0131k de\u011ferini muhafaza etmektedir.<\/div><\/div><\/div><\/div><\/div><div class=\"pix-content-box card      vc_custom_1591071939137    rounded-10 shadow-sm shadow-hover-sm fly-sm animate-in bg- w-100  \"  data-anim-type=\"fade-in-up\" data-anim-delay=\"200\"><div class=\"\" style=\"z-index:30;position:relative;\"><div id=\"1672743578607-515844e6-c071\" class=\"media \"><div class=\"rounded-circle mr-3 d-inline-block2 d-inline-flex align-items-center justify-content-center line-height-0 bg-primary-light animate-in\" data-anim-type=\"fade-in-up\" data-anim-delay=\"1000\" style=\" width:64.8px;height:64.8px;position:relative;text-align:center;\"><div class=\"text-primary\" style=\"display:inline-block;width:36px;height:36px;font-size:36px;\"><svg width=\"100%\" height=\"100%\" viewBox=\"0 0 24 24\" version=\"1.1\" xmlns=\"http:\/\/www.w3.org\/2000\/svg\" xmlns:xlink=\"http:\/\/www.w3.org\/1999\/xlink\"> <defs><\/defs> <g stroke=\"none\" stroke-width=\"1\" fill=\"none\" fill-rule=\"evenodd\"> <path d=\"M4.875,20.75 C4.63541667,20.75 4.39583333,20.6541667 4.20416667,20.4625 L2.2875,18.5458333 C1.90416667,18.1625 1.90416667,17.5875 2.2875,17.2041667 C2.67083333,16.8208333 3.29375,16.8208333 3.62916667,17.2041667 L4.875,18.45 L8.0375,15.2875 C8.42083333,14.9041667 8.99583333,14.9041667 9.37916667,15.2875 C9.7625,15.6708333 9.7625,16.2458333 9.37916667,16.6291667 L5.54583333,20.4625 C5.35416667,20.6541667 5.11458333,20.75 4.875,20.75 Z\" id=\"check\" fill=\"#000000\" fill-rule=\"nonzero\" opacity=\"0.3\"><\/path> <path d=\"M2,11.8650466 L2,6 C2,4.34314575 3.34314575,3 5,3 L19,3 C20.6568542,3 22,4.34314575 22,6 L22,15 C22,15.0032706 21.9999948,15.0065399 21.9999843,15.009808 L22.0249378,15 L22.0249378,19.5857864 C22.0249378,20.1380712 21.5772226,20.5857864 21.0249378,20.5857864 C20.7597213,20.5857864 20.5053674,20.4804296 20.317831,20.2928932 L18.0249378,18 L12.9835977,18 C12.7263047,14.0909841 9.47412135,11 5.5,11 C4.23590829,11 3.04485894,11.3127315 2,11.8650466 Z M6,7 C5.44771525,7 5,7.44771525 5,8 C5,8.55228475 5.44771525,9 6,9 L15,9 C15.5522847,9 16,8.55228475 16,8 C16,7.44771525 15.5522847,7 15,7 L6,7 Z\" fill=\"#000000\"><\/path> <\/g> <\/svg><\/div><\/div><div class=\"media-body text-left\"><h6 class=\"font-weight-bold  secondary-font text-heading-default animate-in \" style=\"\" data-anim-type=\"fade-in-up\" data-anim-delay=\"1100\">Servis arac\u0131ma uygun \u00f6zel kasa sipari\u015fi verebilir miyim?<\/h6><div class=\"text-body-default     text-justify animate-in\" style=\"padding-top:10px;\" data-anim-type=\"fade-in-up\" data-anim-delay=\"1200\">\u00d6tektik kamyon kasalar\u0131m\u0131z ihtiyaca g\u00f6re farkl\u0131 \u00f6l\u00e7\u00fclerde \u00fcretilebilmektedir.<\/div><\/div><\/div><\/div><\/div>[\/vc_column][\/vc_row]","protected":false},"excerpt":{"rendered":"[vc_section full_width=&#8221;stretch_row&#8221; pix_bg_grdient=&#8221;bg-gradient-dark&#8221; fade_in_opacity=&#8221;pix-opacity-8&#8243; pix_over_visibility=&#8221;&#8221; pix_overlay_color=&#8221;black&#8221; css=&#8221;.vc_custom_1672743181683{padding-top: 80px !important;padding-bottom: 150px !important;}&#8221; pix_overlay_opacity=&#8221;0.45&#8243; fade_in_intro=&#8221;13419&#8243;][vc_row full_width=&#8221;stretch_row&#8221; pix_particles_check=&#8221;&#8221;][vc_column content_align=&#8221;text-center&#8221;][\/vc_column][\/vc_row][\/vc_section][vc_section full_width=&#8221;stretch_row&#8221; pix_over_visibility=&#8221;&#8221; pix_visibility=&#8221;1&#8243; bottom_divider_color=&#8221;&#8221; css=&#8221;.vc_custom_1591073869589{background-color: #f8f9fa !important;}&#8221;][\/vc_section][vc_row content_placement=&#8221;middle&#8221; pix_particles_check=&#8221;&#8221; css=&#8221;.vc_custom_1589907937654{padding-top: 80px !important;padding-bottom: 80px !important;}&#8221;][vc_column css=&#8221;.vc_custom_1592348346180{padding-top: 30px !important;padding-bottom: 30px !important;}&#8221;][\/vc_column][\/vc_row]","protected":false},"author":1,"featured_media":0,"parent":0,"menu_order":0,"comment_status":"closed","ping_status":"closed","template":"","meta":{"footnotes":""},"_links":{"self":[{"href":"https:\/\/www.frostcar.com\/tr\/wp-json\/wp\/v2\/pages\/13628"}],"collection":[{"href":"https:\/\/www.frostcar.com\/tr\/wp-json\/wp\/v2\/pages"}],"about":[{"href":"https:\/\/www.frostcar.com\/tr\/wp-json\/wp\/v2\/types\/page"}],"author":[{"embeddable":true,"href":"https:\/\/www.frostcar.com\/tr\/wp-json\/wp\/v2\/users\/1"}],"replies":[{"embeddable":true,"href":"https:\/\/www.frostcar.com\/tr\/wp-json\/wp\/v2\/comments?post=13628"}],"version-history":[{"count":3,"href":"https:\/\/www.frostcar.com\/tr\/wp-json\/wp\/v2\/pages\/13628\/revisions"}],"predecessor-version":[{"id":13631,"href":"https:\/\/www.frostcar.com\/tr\/wp-json\/wp\/v2\/pages\/13628\/revisions\/13631"}],"wp:attachment":[{"href":"https:\/\/www.frostcar.com\/tr\/wp-json\/wp\/v2\/media?parent=13628"}],"curies":[{"name":"wp","href":"https:\/\/api.w.org\/{rel}","templated":true}]}}