{"id":13764,"date":"2023-01-04T16:53:13","date_gmt":"2023-01-04T13:53:13","guid":{"rendered":"https:\/\/www.frostcar.com\/?page_id=13764"},"modified":"2023-01-09T00:08:31","modified_gmt":"2023-01-08T21:08:31","slug":"fc525","status":"publish","type":"page","link":"https:\/\/www.frostcar.com\/tr\/otektik-kasalar\/fc525\/","title":{"rendered":"FC525"},"content":{"rendered":"[vc_row full_width=&#8221;stretch_row&#8221; pix_particles_check=&#8221;&#8221; css=&#8221;.vc_custom_1672819883949{padding-top: 50px !important;background-color: #f2f2f2 !important;}&#8221;][vc_column content_align=&#8221;text-center&#8221;]<div class=\"d-inline-block \" style=\"width:80%;\"><div class=\"pix-img-el  vc_custom_1672839955792   text-center d-inline-block  w-100 rounded-0\"  ><img class=\"card-img2 pix-img-elem rounded-0  h-1002\" style=\"width:80%;height:auto;\" width=\"1417\" height=\"616\" srcset=\"https:\/\/www.frostcar.com\/wp-content\/uploads\/2023\/01\/frostcar_fc525_fc525p_eutectic_truck_bodies.png 1417w, https:\/\/www.frostcar.com\/wp-content\/uploads\/2023\/01\/frostcar_fc525_fc525p_eutectic_truck_bodies-300x130.png 300w, https:\/\/www.frostcar.com\/wp-content\/uploads\/2023\/01\/frostcar_fc525_fc525p_eutectic_truck_bodies-1024x445.png 1024w, https:\/\/www.frostcar.com\/wp-content\/uploads\/2023\/01\/frostcar_fc525_fc525p_eutectic_truck_bodies-768x334.png 768w\" sizes=\"(max-width: 1417px) 100vw, 1417px\" src=\"https:\/\/www.frostcar.com\/wp-content\/uploads\/2023\/01\/frostcar_fc525_fc525p_eutectic_truck_bodies.png\" alt=\"\" \/><\/div><\/div>[\/vc_column][\/vc_row][vc_row full_width=&#8221;stretch_row&#8221; pix_particles_check=&#8221;&#8221; css=&#8221;.vc_custom_1672820169456{background-color: #f2f2f2 !important;}&#8221;][vc_column content_align=&#8221;text-center&#8221;]<div  class=\"pix-heading-el text-center \"><div><div class=\"slide-in-container\"><div class=\"text-black heading-text el-title_custom_color mb-12\" style=\"font-size:25px;\" data-anim-type=\"\" data-anim-delay=\"0\">FC525 TEKN\u0130K \u00c7\u0130Z\u0130MLER<\/div><\/div><\/div><\/div>[vc_single_image image=&#8221;13689&#8243; img_size=&#8221;&#8221; alignment=&#8221;center&#8221;]<div class=\"d-inline-block \" style=\"width:100%;\"><div class=\"pix-img-el    text-center d-inline-block  w-100 rounded-0\"  ><img class=\"card-img2 pix-img-elem rounded-0  h-1002\" style=\"width:100%;height:auto;\" width=\"768.1\" height=\"203.9\" src=\"https:\/\/www.frostcar.com\/wp-content\/uploads\/2023\/01\/fc525_drawings.svg\" alt=\"\" \/><\/div><\/div>[\/vc_column][\/vc_row][vc_row full_width=&#8221;stretch_row&#8221; pix_particles_check=&#8221;&#8221; css=&#8221;.vc_custom_1672820169456{background-color: #f2f2f2 !important;}&#8221;][vc_column content_align=&#8221;text-center&#8221;]<div  class=\"pix-heading-el text-center \"><div><div class=\"slide-in-container\"><div class=\"text-black heading-text el-title_custom_color mb-12\" style=\"font-size:25px;\" data-anim-type=\"\" data-anim-delay=\"0\">FC525 \u00d6ZELL\u0130KLER<\/div><\/div><\/div><\/div>[vc_single_image image=&#8221;13689&#8243; img_size=&#8221;&#8221; alignment=&#8221;center&#8221;][vc_column_text]<div id=\"footable_parent_13846\"\n         class=\" footable_parent ninja_table_wrapper loading_ninja_table wp_table_data_press_parent semantic_ui \">\n                <table data-ninja_table_instance=\"ninja_table_instance_0\" data-footable_id=\"13846\" data-filter-delay=\"1000\" aria-label=\"fc525_tr_ozellikler\"            id=\"footable_13846\"\n           data-unique_identifier=\"ninja_table_unique_id_1330419406_13846\"\n           class=\" foo-table ninja_footable foo_table_13846 ninja_table_unique_id_1330419406_13846 ui table  nt_type_ajax_table selectable striped vertical_centered  footable-paging-right ninjatable_hide_header_row ninja_table_search_disabled\">\n                <colgroup>\n                            <col class=\"ninja_column_0 \">\n                            <col class=\"ninja_column_1 \">\n                    <\/colgroup>\n            <\/table>\n                    <style type=\"text\/css\" id='ninja_table_custom_css_13846'>\n                        #footable_13846  {\n    font-family: inherit;\n    font-size: 14px;\n    }\n\n    \n                <\/style>\n                \n    \n    \n<\/div>\n[\/vc_column_text][\/vc_column][\/vc_row][vc_row full_width=&#8221;stretch_row&#8221; pix_particles_check=&#8221;&#8221; css=&#8221;.vc_custom_1672820951188{padding-top: 40px !important;background-color: #ffffff !important;}&#8221;][vc_column content_align=&#8221;text-center&#8221;]<div  class=\"pix-heading-el text-center \"><div><div class=\"slide-in-container\"><div class=\"text-black heading-text el-title_custom_color mb-12\" style=\"font-size:25px;\" data-anim-type=\"\" data-anim-delay=\"0\">FC525 TEKN\u0130K DETAYLAR<\/div><\/div><\/div><\/div>[vc_single_image image=&#8221;13689&#8243; img_size=&#8221;&#8221; alignment=&#8221;center&#8221;][vc_column_text]<div id=\"footable_parent_13847\"\n         class=\" footable_parent ninja_table_wrapper loading_ninja_table wp_table_data_press_parent semantic_ui \">\n                <table data-ninja_table_instance=\"ninja_table_instance_1\" data-footable_id=\"13847\" data-filter-delay=\"1000\" aria-label=\"fc525_tr_t-detaylar\"            id=\"footable_13847\"\n           data-unique_identifier=\"ninja_table_unique_id_1121457098_13847\"\n           class=\" foo-table ninja_footable foo_table_13847 ninja_table_unique_id_1121457098_13847 ui table  nt_type_ajax_table selectable striped vertical_centered  footable-paging-right ninjatable_hide_header_row ninja_table_search_disabled\">\n                <colgroup>\n                            <col class=\"ninja_column_0 \">\n                            <col class=\"ninja_column_1 \">\n                    <\/colgroup>\n            <\/table>\n                    <style type=\"text\/css\" id='ninja_table_custom_css_13846'>\n                        #footable_13846  {\n    font-family: inherit;\n    font-size: 14px;\n    }\n\n    \n                <\/style>\n                                <style type=\"text\/css\" id='ninja_table_custom_css_13847'>\n                        #footable_13847  {\n    font-family: inherit;\n    font-size: 14px;\n    }\n\n    \n                <\/style>\n                \n    \n    \n<\/div>\n[\/vc_column_text][\/vc_column][\/vc_row][vc_row full_width=&#8221;stretch_row&#8221; pix_particles_check=&#8221;&#8221; css=&#8221;.vc_custom_1672820951188{padding-top: 40px !important;background-color: #ffffff !important;}&#8221;][vc_column width=&#8221;1\/3&#8243; content_align=&#8221;text-center&#8221;][vc_single_image image=&#8221;13767&#8243; img_size=&#8221;full&#8221; alignment=&#8221;center&#8221; onclick=&#8221;link_image&#8221;][\/vc_column][vc_column width=&#8221;1\/3&#8243;][vc_single_image image=&#8221;13768&#8243; img_size=&#8221;full&#8221; alignment=&#8221;center&#8221; onclick=&#8221;link_image&#8221;][\/vc_column][vc_column width=&#8221;1\/3&#8243;][vc_single_image image=&#8221;13769&#8243; img_size=&#8221;full&#8221; alignment=&#8221;center&#8221; onclick=&#8221;link_image&#8221;][\/vc_column][\/vc_row][vc_row full_width=&#8221;stretch_row&#8221; pix_particles_check=&#8221;&#8221; css=&#8221;.vc_custom_1672820951188{padding-top: 40px !important;background-color: #ffffff !important;}&#8221;][vc_column width=&#8221;1\/3&#8243; content_align=&#8221;text-center&#8221;][vc_single_image image=&#8221;13770&#8243; img_size=&#8221;full&#8221; alignment=&#8221;center&#8221; onclick=&#8221;link_image&#8221;][\/vc_column][vc_column width=&#8221;1\/3&#8243;][vc_single_image image=&#8221;13771&#8243; img_size=&#8221;full&#8221; alignment=&#8221;center&#8221; onclick=&#8221;link_image&#8221;][\/vc_column][vc_column width=&#8221;1\/3&#8243;][vc_single_image image=&#8221;13772&#8243; img_size=&#8221;full&#8221; alignment=&#8221;center&#8221; onclick=&#8221;link_image&#8221;][\/vc_column][\/vc_row][vc_row full_width=&#8221;stretch_row&#8221; pix_particles_check=&#8221;&#8221; css=&#8221;.vc_custom_1672821426191{background-color: #ffffff !important;}&#8221;][vc_column content_align=&#8221;text-center&#8221; offset=&#8221;vc_col-lg-offset-2 vc_col-lg-8&#8243; css=&#8221;.vc_custom_1672816814896{padding-top: 30px !important;}&#8221;]<div id=\"el1672649732205-563d9356-e695\" class=\"mb-3 text-center \"><h5 class=\"mb-32 pix-sliding-headline body-font\" data-class=\"body-font text-heading-default\" data-style=\"\">\u00d6TEKT\u0130K KAMYON KASALARIMIZ<\/h5><\/div>[vc_single_image image=&#8221;13689&#8243; img_size=&#8221;&#8221; alignment=&#8221;center&#8221;][\/vc_column][\/vc_row][vc_row full_width=&#8221;stretch_row&#8221; pix_particles_check=&#8221;&#8221; css=&#8221;.vc_custom_1672817103720{padding-bottom: 50px !important;background-color: #ffffff !important;}&#8221;][vc_column width=&#8221;1\/3&#8243;][vc_row_inner][vc_column_inner width=&#8221;1\/3&#8243; offset=&#8221;vc_col-xs-4&#8243;]<a  href=\"\/tr\/otektik-kasalar\/fc250\" class=\"btn mb-2     btn-outline-blue d-block w-100       btn-md\"     ><span class=\"font-weight-bold \" >FC250<\/span><\/a>[\/vc_column_inner][vc_column_inner width=&#8221;1\/3&#8243; offset=&#8221;vc_col-xs-4&#8243;]<a  href=\"\/tr\/otektik-kasalar\/fc310\" class=\"btn mb-2     btn-outline-blue d-block w-100       btn-md\"     ><span class=\"font-weight-bold \" >FC310<\/span><\/a>[\/vc_column_inner][vc_column_inner width=&#8221;1\/3&#8243; offset=&#8221;vc_col-xs-4&#8243;]<a  href=\"\/tr\/otektik-kasalar\/fc315\" class=\"btn mb-2     btn-outline-blue d-block w-100       btn-md\"     ><span class=\"font-weight-bold \" >FC315<\/span><\/a>[\/vc_column_inner][\/vc_row_inner][\/vc_column][vc_column width=&#8221;1\/3&#8243;][vc_row_inner][vc_column_inner width=&#8221;1\/3&#8243; offset=&#8221;vc_col-xs-4&#8243;]<a  href=\"\/tr\/otektik-kasalar\/fc360\" class=\"btn mb-2     btn-outline-blue d-block w-100       btn-md\"     ><span class=\"font-weight-bold \" >FC360<\/span><\/a>[\/vc_column_inner][vc_column_inner width=&#8221;1\/3&#8243; offset=&#8221;vc_col-xs-4&#8243;]<a  href=\"\/tr\/otektik-kasalar\/fc365\" class=\"btn mb-2     btn-outline-blue d-block w-100       btn-md\"     ><span class=\"font-weight-bold \" >FC365<\/span><\/a>[\/vc_column_inner][vc_column_inner width=&#8221;1\/3&#8243; offset=&#8221;vc_col-xs-4&#8243;]<a  href=\"\/tr\/otektik-kasalar\/fc430\" class=\"btn mb-2     btn-outline-blue d-block w-100       btn-md\"     ><span class=\"font-weight-bold \" >FC430<\/span><\/a>[\/vc_column_inner][\/vc_row_inner][\/vc_column][vc_column width=&#8221;1\/3&#8243;][vc_row_inner][vc_column_inner width=&#8221;1\/3&#8243; offset=&#8221;vc_col-xs-4&#8243;]<a  href=\"\/tr\/otektik-kasalar\/fc435\" class=\"btn mb-2     btn-outline-blue d-block w-100       btn-md\"     ><span class=\"font-weight-bold \" >FC435<\/span><\/a>[\/vc_column_inner][vc_column_inner width=&#8221;1\/3&#8243; offset=&#8221;vc_col-xs-4&#8243;]<a  href=\"\/tr\/otektik-kasalar\/fc525\" class=\"btn mb-2     btn-outline-blue d-block w-100       btn-md\"     ><span class=\"font-weight-bold \" >FC525<\/span><\/a>[\/vc_column_inner][vc_column_inner width=&#8221;1\/3&#8243; offset=&#8221;vc_col-xs-4&#8243;]<a  href=\"\/tr\/otektik-kasalar\/fc525p\" class=\"btn mb-2     btn-outline-blue d-block w-100       btn-md\"     ><span class=\"font-weight-bold \" >FC525P<\/span><\/a>[\/vc_column_inner][\/vc_row_inner][\/vc_column][\/vc_row][vc_row full_width=&#8221;stretch_row&#8221; pix_particles_check=&#8221;&#8221; css=&#8221;.vc_custom_1672815797981{padding-top: 30px !important;padding-bottom: 30px !important;background-color: #ffffff !important;}&#8221;][vc_column width=&#8221;1\/4&#8243;][\/vc_column][vc_column width=&#8221;1\/2&#8243;][vc_row_inner][vc_column_inner width=&#8221;1\/4&#8243; content_align=&#8221;text-right&#8221; offset=&#8221;vc_col-xs-6&#8243;]<div class=\"d-inline-block \" style=\"width:90%;\"><div class=\"pix-img-el  vc_custom_1672816334562   text-left d-inline-block  w-100 rounded-0\"  ><img class=\"card-img2 pix-img-elem rounded-0  h-1002\" style=\"width:90%;height:auto;\" width=\"51.28\" height=\"34.9\" src=\"https:\/\/www.frostcar.com\/wp-content\/uploads\/2023\/01\/frostcar_eco_friendly.svg\" alt=\"\" \/><\/div><\/div>[\/vc_column_inner][vc_column_inner width=&#8221;1\/4&#8243; content_align=&#8221;text-right&#8221; offset=&#8221;vc_col-xs-6&#8243;]<div class=\"d-inline-block \" style=\"width:85%;\"><div class=\"pix-img-el    text-left d-inline-block  w-100 rounded-0\"  ><img class=\"card-img2 pix-img-elem rounded-0  h-1002\" style=\"width:85%;height:auto;\" width=\"30.64\" height=\"30.64\" src=\"https:\/\/www.frostcar.com\/wp-content\/uploads\/2023\/01\/frostcar_iso_9001.svg\" alt=\"\" \/><\/div><\/div>[\/vc_column_inner][vc_column_inner width=&#8221;1\/4&#8243; content_align=&#8221;text-right&#8221; offset=&#8221;vc_col-xs-6&#8243;]<div class=\"d-inline-block \" style=\"width:85%;\"><div class=\"pix-img-el    text-left d-inline-block  w-100 rounded-0\"  ><img class=\"card-img2 pix-img-elem rounded-0  h-1002\" style=\"width:85%;height:auto;\" width=\"31.2\" height=\"31.2\" src=\"https:\/\/www.frostcar.com\/wp-content\/uploads\/2023\/01\/frostcar_ce_certificate.svg\" alt=\"\" \/><\/div><\/div>[\/vc_column_inner][vc_column_inner width=&#8221;1\/4&#8243; content_align=&#8221;text-right&#8221; offset=&#8221;vc_col-xs-6&#8243;]<div class=\"d-inline-block \" style=\"width:85%;\"><div class=\"pix-img-el    text-left d-inline-block  w-100 rounded-0\"  ><img class=\"card-img2 pix-img-elem rounded-0  h-1002\" style=\"width:85%;height:auto;\" width=\"31.18\" height=\"31.18\" src=\"https:\/\/www.frostcar.com\/wp-content\/uploads\/2023\/01\/frostcar_tuv.svg\" alt=\"\" \/><\/div><\/div>[\/vc_column_inner][\/vc_row_inner][\/vc_column][vc_column width=&#8221;1\/4&#8243;][\/vc_column][\/vc_row]","protected":false},"excerpt":{"rendered":"[vc_row full_width=&#8221;stretch_row&#8221; pix_particles_check=&#8221;&#8221; css=&#8221;.vc_custom_1672819883949{padding-top: 50px !important;background-color: #f2f2f2 !important;}&#8221;][vc_column content_align=&#8221;text-center&#8221;][\/vc_column][\/vc_row][vc_row full_width=&#8221;stretch_row&#8221; pix_particles_check=&#8221;&#8221; css=&#8221;.vc_custom_1672820169456{background-color: #f2f2f2 !important;}&#8221;][vc_column content_align=&#8221;text-center&#8221;][vc_single_image image=&#8221;13689&#8243; img_size=&#8221;&#8221; alignment=&#8221;center&#8221;][\/vc_column][\/vc_row][vc_row full_width=&#8221;stretch_row&#8221; pix_particles_check=&#8221;&#8221; css=&#8221;.vc_custom_1672820169456{background-color: #f2f2f2 !important;}&#8221;][vc_column content_align=&#8221;text-center&#8221;][vc_single_image image=&#8221;13689&#8243; img_size=&#8221;&#8221; alignment=&#8221;center&#8221;][vc_column_text][\/vc_column_text][\/vc_column][\/vc_row][vc_row full_width=&#8221;stretch_row&#8221; pix_particles_check=&#8221;&#8221; css=&#8221;.vc_custom_1672820951188{padding-top: 40px !important;background-color: #ffffff !important;}&#8221;][vc_column content_align=&#8221;text-center&#8221;][vc_single_image image=&#8221;13689&#8243; img_size=&#8221;&#8221; alignment=&#8221;center&#8221;][vc_column_text][\/vc_column_text][\/vc_column][\/vc_row][vc_row full_width=&#8221;stretch_row&#8221; pix_particles_check=&#8221;&#8221;&#8230;","protected":false},"author":1,"featured_media":0,"parent":13549,"menu_order":0,"comment_status":"closed","ping_status":"closed","template":"","meta":{"footnotes":""},"_links":{"self":[{"href":"https:\/\/www.frostcar.com\/tr\/wp-json\/wp\/v2\/pages\/13764"}],"collection":[{"href":"https:\/\/www.frostcar.com\/tr\/wp-json\/wp\/v2\/pages"}],"about":[{"href":"https:\/\/www.frostcar.com\/tr\/wp-json\/wp\/v2\/types\/page"}],"author":[{"embeddable":true,"href":"https:\/\/www.frostcar.com\/tr\/wp-json\/wp\/v2\/users\/1"}],"replies":[{"embeddable":true,"href":"https:\/\/www.frostcar.com\/tr\/wp-json\/wp\/v2\/comments?post=13764"}],"version-history":[{"count":5,"href":"https:\/\/www.frostcar.com\/tr\/wp-json\/wp\/v2\/pages\/13764\/revisions"}],"predecessor-version":[{"id":14304,"href":"https:\/\/www.frostcar.com\/tr\/wp-json\/wp\/v2\/pages\/13764\/revisions\/14304"}],"up":[{"embeddable":true,"href":"https:\/\/www.frostcar.com\/tr\/wp-json\/wp\/v2\/pages\/13549"}],"wp:attachment":[{"href":"https:\/\/www.frostcar.com\/tr\/wp-json\/wp\/v2\/media?parent=13764"}],"curies":[{"name":"wp","href":"https:\/\/api.w.org\/{rel}","templated":true}]}}