{"id":4074,"date":"2019-12-09T21:16:02","date_gmt":"2019-12-09T21:16:02","guid":{"rendered":"https:\/\/essentials.pixfort.com\/original\/?page_id=2"},"modified":"2022-12-07T22:01:04","modified_gmt":"2022-12-07T19:01:04","slug":"iletisim","status":"publish","type":"page","link":"https:\/\/www.frostcar.com\/tr\/iletisim\/","title":{"rendered":"\u0130leti\u015fim"},"content":{"rendered":"<p>[vc_section full_width=&#8221;stretch_row&#8221; full_height=&#8221;yes&#8221; content_placement=&#8221;middle&#8221; fade_in_opacity=&#8221;pix-opacity-1&#8243; pix_over_visibility=&#8221;&#8221; bottom_divider_select=&#8221;18&#8243; b_has_animation=&#8221;true&#8221; b_1_color=&#8221;#f8f9fa&#8221; b_2_animation=&#8221;fade-in-up&#8221; b_3_animation=&#8221;fade-in-up&#8221; pix_overlay_color=&#8221;gray-9&#8243; css=&#8221;.vc_custom_1670423398563{padding-top: 40px !important;padding-bottom: 40px !important;}&#8221; fade_in_intro=&#8221;13419&#8243; b_custom_height=&#8221;200px&#8221; b_2_delay=&#8221;200&#8243; b_3_delay=&#8221;300&#8243; pix_overlay_opacity=&#8221;0.9&#8243;][vc_row content_placement=&#8221;middle&#8221; pix_dark_mode=&#8221;yes&#8221; pix_particles_check=&#8221;&#8221; css=&#8221;.vc_custom_1590464267125{padding-top: 60px !important;padding-bottom: 60px !important;}&#8221;][vc_column content_align=&#8221;text-center&#8221; css=&#8221;.vc_custom_1590278076706{padding-top: 20px !important;padding-bottom: 20px !important;}&#8221;]<div id=\"el1670423124632-fda030ab-930c\" class=\"mb-3 text-center  vc_custom_1670423277290\"><h1 class=\"mb-32 pix-sliding-headline font-weight-bold secondary-font\" data-class=\"secondary-font text-heading-default\" data-style=\"\">Frostcar Eutectic Solutions<\/h1><\/div><div class=\"pix-el-text w-100 text-center  vc_custom_1670423338553\" ><div class=\"d-inline-block\" style=\"max-width:700px;\"><p class=\"  text-body-default text-center \" ><span class=\"animate-in d-inline-block\" data-anim-delay=\"1200\" data-anim-type=\"fade-in-up\">Bizimle ileti\u015fim kurabilmek i\u00e7in ileti\u015fim ara\u00e7lar\u0131m\u0131zdan herhangi birini kullanabilirsiniz. Duygu ve d\u00fc\u015f\u00fcnceleriniz bizim i\u00e7in \u00f6nemlidir. Bu nedenle g\u00f6r\u00fc\u015f ve \u00f6nerilerinizi ya da \u015fikayetlerinizi bizimle payla\u015fmaktan \u00e7ekinmeyiniz.<\/span><\/p><\/div><\/div><a class=\"text-center \"  href=\"\/#pix_section_contact\" target=\"\"><div id=\"duo-icon-130187125\" class=\"pix-icon text-center \"><div class=\"mr-32 d-inline-block text-primary \"   style=\"width:54px;height:54px;position:relative;line-height:54px;text-align:center;\"><svg width=\"100%\" height=\"100%\" viewBox=\"0 0 24 24\" version=\"1.1\" xmlns=\"http:\/\/www.w3.org\/2000\/svg\" xmlns:xlink=\"http:\/\/www.w3.org\/1999\/xlink\"> <defs><\/defs> <g stroke=\"none\" stroke-width=\"1\" fill=\"none\" fill-rule=\"evenodd\"> <path d=\"M8.2928955,3.20710089 C7.90237121,2.8165766 7.90237121,2.18341162 8.2928955,1.79288733 C8.6834198,1.40236304 9.31658478,1.40236304 9.70710907,1.79288733 L15.7071091,7.79288733 C16.085688,8.17146626 16.0989336,8.7810527 15.7371564,9.17571874 L10.2371564,15.1757187 C9.86396402,15.5828377 9.23139665,15.6103407 8.82427766,15.2371482 C8.41715867,14.8639558 8.38965574,14.2313885 8.76284815,13.8242695 L13.6158645,8.53006986 L8.2928955,3.20710089 Z\" fill=\"#000000\" fill-rule=\"nonzero\" transform=\"translate(12.000003, 8.499997) scale(-1, -1) rotate(-90.000000) translate(-12.000003, -8.499997) \"><\/path> <path d=\"M6.70710678,19.2071045 C6.31658249,19.5976288 5.68341751,19.5976288 5.29289322,19.2071045 C4.90236893,18.8165802 4.90236893,18.1834152 5.29289322,17.7928909 L11.2928932,11.7928909 C11.6714722,11.414312 12.2810586,11.4010664 12.6757246,11.7628436 L18.6757246,17.2628436 C19.0828436,17.636036 19.1103465,18.2686034 18.7371541,18.6757223 C18.3639617,19.0828413 17.7313944,19.1103443 17.3242754,18.7371519 L12.0300757,13.8841355 L6.70710678,19.2071045 Z\" fill=\"#000000\" fill-rule=\"nonzero\" opacity=\"0.3\" transform=\"translate(12.000003, 15.499997) scale(-1, -1) rotate(-360.000000) translate(-12.000003, -15.499997) \"><\/path> <\/g> <\/svg><\/div><\/div><\/a>[\/vc_column][\/vc_row][\/vc_section][vc_section full_width=&#8221;stretch_row&#8221; pix_over_visibility=&#8221;&#8221; css=&#8221;.vc_custom_1670424125155{padding-top: 100px !important;padding-bottom: 100px !important;background-color: #ffffff !important;}&#8221; el_id=&#8221;pix_section_contact&#8221;][vc_row equal_height=&#8221;yes&#8221; pix_particles_check=&#8221;&#8221;][vc_column width=&#8221;1\/2&#8243; css=&#8221;.vc_custom_1592323090921{padding-top: 20px !important;padding-bottom: 20px !important;}&#8221;]<div  class=\"pix-heading-el text-left  vc_custom_1670423916580\"><div><div class=\"slide-in-container\"><h3 class=\"text-heading-default font-weight-bold animate-in heading-text el-title_custom_color mb-12\" style=\"\" data-anim-type=\"fade-in-up\" data-anim-delay=\"0\">\u0130stanbul sat\u0131\u015f ofisi<\/h3><\/div><\/div><\/div><div id=\"1670423622138-7c57000d-c4e9\" class=\"media  vc_custom_1670423815716\"><div class=\"rounded-circle mr-3 d-inline-block2 d-inline-flex align-items-center justify-content-center line-height-0 bg-gradient-primary-light animate-in\" data-anim-type=\"fade-in-up\" data-anim-delay=\"400\" style=\" width:64.8px;height:64.8px;position:relative;text-align:center;\"><div class=\"text-gradient-primary\" style=\"display:inline-block;width:36px;height:36px;font-size:36px;\"><svg width=\"100%\" height=\"100%\" viewBox=\"0 0 24 24\" version=\"1.1\" xmlns=\"http:\/\/www.w3.org\/2000\/svg\" xmlns:xlink=\"http:\/\/www.w3.org\/1999\/xlink\"> <defs><\/defs> <g stroke=\"none\" stroke-width=\"1\" fill=\"none\" fill-rule=\"evenodd\"> <path d=\"M5,10.5 C5,6 8,3 12.5,3 C17,3 20,6.75 20,10.5 C20,12.8325623 17.8236613,16.03566 13.470984,20.1092932 C12.9154018,20.6292577 12.0585054,20.6508331 11.4774555,20.1594925 C7.15915182,16.5078313 5,13.2880005 5,10.5 Z M12.5,12 C13.8807119,12 15,10.8807119 15,9.5 C15,8.11928813 13.8807119,7 12.5,7 C11.1192881,7 10,8.11928813 10,9.5 C10,10.8807119 11.1192881,12 12.5,12 Z\" fill=\"#000000\" fill-rule=\"nonzero\"><\/path> <\/g> <\/svg><\/div><\/div><div class=\"media-body text-left\"><h6 class=\"font-weight-bold  secondary-font text-heading-default animate-in \" style=\"\" data-anim-type=\"fade-in-up\" data-anim-delay=\"500\">Adres<\/h6><div class=\"text-body-default      animate-in\" style=\"padding-top:10px;\" data-anim-type=\"fade-in-up\" data-anim-delay=\"600\">Bayar Cad. G\u00fclbahar Sk. Ege Y\u0131ld\u0131z Sit. A Blok No: 13\/39 Kozyata\u011f\u0131 34742 Kad\u0131k\u00f6y\/\u0130STANBUL<\/div><\/div><\/div><div id=\"1670423622172-85a1934f-762b\" class=\"media  vc_custom_1670423842817\"><div class=\"rounded-circle mr-3 d-inline-block2 d-inline-flex align-items-center justify-content-center line-height-0 bg-gradient-primary-light animate-in\" data-anim-type=\"fade-in-up\" data-anim-delay=\"600\" style=\" width:64.8px;height:64.8px;position:relative;text-align:center;\"><div class=\"text-gradient-primary\" style=\"display:inline-block;width:36px;height:36px;font-size:36px;\"><svg width=\"100%\" height=\"100%\" viewBox=\"0 0 24 24\" version=\"1.1\" xmlns=\"http:\/\/www.w3.org\/2000\/svg\" xmlns:xlink=\"http:\/\/www.w3.org\/1999\/xlink\"> <defs><\/defs> <g stroke=\"none\" stroke-width=\"1\" fill=\"none\" fill-rule=\"evenodd\"> <path d=\"M13.0799676,14.7839934 L15.2839934,12.5799676 C15.8927139,11.9712471 16.0436229,11.0413042 15.6586342,10.2713269 L15.5337539,10.0215663 C15.1487653,9.25158901 15.2996742,8.3216461 15.9083948,7.71292558 L18.6411989,4.98012149 C18.836461,4.78485934 19.1530435,4.78485934 19.3483056,4.98012149 C19.3863063,5.01812215 19.4179321,5.06200062 19.4419658,5.11006808 L20.5459415,7.31801948 C21.3904962,9.0071287 21.0594452,11.0471565 19.7240871,12.3825146 L13.7252616,18.3813401 C12.2717221,19.8348796 10.1217008,20.3424308 8.17157288,19.6923882 L5.75709327,18.8875616 C5.49512161,18.8002377 5.35354162,18.5170777 5.4408655,18.2551061 C5.46541191,18.1814669 5.50676633,18.114554 5.56165376,18.0596666 L8.21292558,15.4083948 C8.8216461,14.7996742 9.75158901,14.6487653 10.5215663,15.0337539 L10.7713269,15.1586342 C11.5413042,15.5436229 12.4712471,15.3927139 13.0799676,14.7839934 Z\" fill=\"#000000\"><\/path> <path d=\"M14.1480759,6.00715131 L13.9566988,7.99797396 C12.4781389,7.8558405 11.0097207,8.36895892 9.93933983,9.43933983 C8.8724631,10.5062166 8.35911588,11.9685602 8.49664195,13.4426352 L6.50528978,13.6284215 C6.31304559,11.5678496 7.03283934,9.51741319 8.52512627,8.02512627 C10.0223249,6.52792766 12.0812426,5.80846733 14.1480759,6.00715131 Z M14.4980938,2.02230302 L14.313049,4.01372424 C11.6618299,3.76737046 9.03000738,4.69181803 7.1109127,6.6109127 C5.19447112,8.52735429 4.26985715,11.1545872 4.51274152,13.802405 L2.52110319,13.985098 C2.22450978,10.7517681 3.35562581,7.53777247 5.69669914,5.19669914 C8.04101739,2.85238089 11.2606138,1.72147333 14.4980938,2.02230302 Z\" fill=\"#000000\" fill-rule=\"nonzero\" opacity=\"0.3\"><\/path> <\/g> <\/svg>\n<\/div><\/div><div class=\"media-body text-left\"><h6 class=\"font-weight-bold  secondary-font text-heading-default animate-in \" style=\"\" data-anim-type=\"fade-in-up\" data-anim-delay=\"700\">Telefon<\/h6><div class=\"text-body-default      animate-in\" style=\"padding-top:10px;\" data-anim-type=\"fade-in-up\" data-anim-delay=\"800\">+90 216 445 69 69<\/div><\/div><\/div><div id=\"1670423622224-97755c9c-fcad\" class=\"media \"><div class=\"rounded-circle mr-3 d-inline-block2 d-inline-flex align-items-center justify-content-center line-height-0 bg-gradient-primary-light animate-in\" data-anim-type=\"fade-in-up\" data-anim-delay=\"800\" style=\" width:64.8px;height:64.8px;position:relative;text-align:center;\"><div class=\"text-gradient-primary\" style=\"display:inline-block;width:36px;height:36px;font-size:36px;\"><svg width=\"100%\" height=\"100%\" viewBox=\"0 0 24 24\" version=\"1.1\" xmlns=\"http:\/\/www.w3.org\/2000\/svg\" xmlns:xlink=\"http:\/\/www.w3.org\/1999\/xlink\"> <defs><\/defs> <g stroke=\"none\" stroke-width=\"1\" fill=\"none\" fill-rule=\"evenodd\"> <path d=\"M21.9999843,15.009808 L22.0249378,15 L22.0249378,19.5857864 C22.0249378,20.1380712 21.5772226,20.5857864 21.0249378,20.5857864 C20.7597213,20.5857864 20.5053674,20.4804296 20.317831,20.2928932 L18.0249378,18 L5,18 C3.34314575,18 2,16.6568542 2,15 L2,6 C2,4.34314575 3.34314575,3 5,3 L19,3 C20.6568542,3 22,4.34314575 22,6 L22,15 C22,15.0032706 21.9999948,15.0065399 21.9999843,15.009808 Z M6.16794971,10.5547002 C7.67758127,12.8191475 9.64566871,14 12,14 C14.3543313,14 16.3224187,12.8191475 17.8320503,10.5547002 C18.1384028,10.0951715 18.0142289,9.47430216 17.5547002,9.16794971 C17.0951715,8.86159725 16.4743022,8.98577112 16.1679497,9.4452998 C15.0109146,11.1808525 13.6456687,12 12,12 C10.3543313,12 8.9890854,11.1808525 7.83205029,9.4452998 C7.52569784,8.98577112 6.90482849,8.86159725 6.4452998,9.16794971 C5.98577112,9.47430216 5.86159725,10.0951715 6.16794971,10.5547002 Z\" fill=\"#000000\"><\/path> <\/g> <\/svg><\/div><\/div><div class=\"media-body text-left\"><h6 class=\"font-weight-bold  secondary-font text-heading-default animate-in \" style=\"\" data-anim-type=\"fade-in-up\" data-anim-delay=\"900\">E-Posta<\/h6><div class=\"text-body-default      animate-in\" style=\"padding-top:10px;\" data-anim-type=\"fade-in-up\" data-anim-delay=\"1000\">info@frostcar.com<\/div><\/div><\/div>[\/vc_column][vc_column width=&#8221;1\/2&#8243; content_align=&#8221;text-center&#8221;][vc_column_text]<iframe loading=\"lazy\" style=\"border: 0;\" src=\"https:\/\/www.google.com\/maps\/embed?pb=!1m14!1m8!1m3!1d6024.79883054441!2d29.099286!3d40.972734!3m2!1i1024!2i768!4f13.1!3m3!1m2!1s0x0%3A0x63e9c0791c30bf98!2sFrostcar%20Istanbul%20Sales%20Office!5e0!3m2!1sen!2str!4v1670423700590!5m2!1sen!2str\" width=\"600\" height=\"450\" allowfullscreen=\"allowfullscreen\"><\/iframe>[\/vc_column_text][\/vc_column][\/vc_row][vc_row equal_height=&#8221;yes&#8221; pix_particles_check=&#8221;&#8221;][vc_column width=&#8221;1\/2&#8243; css=&#8221;.vc_custom_1592323090921{padding-top: 20px !important;padding-bottom: 20px !important;}&#8221;]<div  class=\"pix-heading-el text-left  vc_custom_1670438312972\"><div><div class=\"slide-in-container\"><h3 class=\"text-heading-default font-weight-bold animate-in heading-text el-title_custom_color mb-12\" style=\"\" data-anim-type=\"fade-in-up\" data-anim-delay=\"0\">Y\u00f6netim merkezi & fabrika<\/h3><\/div><\/div><\/div><div id=\"1670438283434-fad586f7-0349\" class=\"media  vc_custom_1670438350205\"><div class=\"rounded-circle mr-3 d-inline-block2 d-inline-flex align-items-center justify-content-center line-height-0 bg-gradient-primary-light animate-in\" data-anim-type=\"fade-in-up\" data-anim-delay=\"400\" style=\" width:64.8px;height:64.8px;position:relative;text-align:center;\"><div class=\"text-gradient-primary\" style=\"display:inline-block;width:36px;height:36px;font-size:36px;\"><svg width=\"100%\" height=\"100%\" viewBox=\"0 0 24 24\" version=\"1.1\" xmlns=\"http:\/\/www.w3.org\/2000\/svg\" xmlns:xlink=\"http:\/\/www.w3.org\/1999\/xlink\"> <defs><\/defs> <g stroke=\"none\" stroke-width=\"1\" fill=\"none\" fill-rule=\"evenodd\"> <path d=\"M5,10.5 C5,6 8,3 12.5,3 C17,3 20,6.75 20,10.5 C20,12.8325623 17.8236613,16.03566 13.470984,20.1092932 C12.9154018,20.6292577 12.0585054,20.6508331 11.4774555,20.1594925 C7.15915182,16.5078313 5,13.2880005 5,10.5 Z M12.5,12 C13.8807119,12 15,10.8807119 15,9.5 C15,8.11928813 13.8807119,7 12.5,7 C11.1192881,7 10,8.11928813 10,9.5 C10,10.8807119 11.1192881,12 12.5,12 Z\" fill=\"#000000\" fill-rule=\"nonzero\"><\/path> <\/g> <\/svg><\/div><\/div><div class=\"media-body text-left\"><h6 class=\"font-weight-bold  secondary-font text-heading-default animate-in \" style=\"\" data-anim-type=\"fade-in-up\" data-anim-delay=\"500\">Adres<\/h6><div class=\"text-body-default      animate-in\" style=\"padding-top:10px;\" data-anim-type=\"fade-in-up\" data-anim-delay=\"600\">Ye\u015filoba Mh. 46103 Sk. Uzun Kavak Sanayi Sit. No:1\/A-B Seyhan\/ADANA<\/div><\/div><\/div><div id=\"1670438283492-c78cfe2d-41c6\" class=\"media  vc_custom_1670438380078\"><div class=\"rounded-circle mr-3 d-inline-block2 d-inline-flex align-items-center justify-content-center line-height-0 bg-gradient-primary-light animate-in\" data-anim-type=\"fade-in-up\" data-anim-delay=\"600\" style=\" width:64.8px;height:64.8px;position:relative;text-align:center;\"><div class=\"text-gradient-primary\" style=\"display:inline-block;width:36px;height:36px;font-size:36px;\"><svg width=\"100%\" height=\"100%\" viewBox=\"0 0 24 24\" version=\"1.1\" xmlns=\"http:\/\/www.w3.org\/2000\/svg\" xmlns:xlink=\"http:\/\/www.w3.org\/1999\/xlink\"> <defs><\/defs> <g stroke=\"none\" stroke-width=\"1\" fill=\"none\" fill-rule=\"evenodd\"> <path d=\"M13.0799676,14.7839934 L15.2839934,12.5799676 C15.8927139,11.9712471 16.0436229,11.0413042 15.6586342,10.2713269 L15.5337539,10.0215663 C15.1487653,9.25158901 15.2996742,8.3216461 15.9083948,7.71292558 L18.6411989,4.98012149 C18.836461,4.78485934 19.1530435,4.78485934 19.3483056,4.98012149 C19.3863063,5.01812215 19.4179321,5.06200062 19.4419658,5.11006808 L20.5459415,7.31801948 C21.3904962,9.0071287 21.0594452,11.0471565 19.7240871,12.3825146 L13.7252616,18.3813401 C12.2717221,19.8348796 10.1217008,20.3424308 8.17157288,19.6923882 L5.75709327,18.8875616 C5.49512161,18.8002377 5.35354162,18.5170777 5.4408655,18.2551061 C5.46541191,18.1814669 5.50676633,18.114554 5.56165376,18.0596666 L8.21292558,15.4083948 C8.8216461,14.7996742 9.75158901,14.6487653 10.5215663,15.0337539 L10.7713269,15.1586342 C11.5413042,15.5436229 12.4712471,15.3927139 13.0799676,14.7839934 Z\" fill=\"#000000\"><\/path> <path d=\"M14.1480759,6.00715131 L13.9566988,7.99797396 C12.4781389,7.8558405 11.0097207,8.36895892 9.93933983,9.43933983 C8.8724631,10.5062166 8.35911588,11.9685602 8.49664195,13.4426352 L6.50528978,13.6284215 C6.31304559,11.5678496 7.03283934,9.51741319 8.52512627,8.02512627 C10.0223249,6.52792766 12.0812426,5.80846733 14.1480759,6.00715131 Z M14.4980938,2.02230302 L14.313049,4.01372424 C11.6618299,3.76737046 9.03000738,4.69181803 7.1109127,6.6109127 C5.19447112,8.52735429 4.26985715,11.1545872 4.51274152,13.802405 L2.52110319,13.985098 C2.22450978,10.7517681 3.35562581,7.53777247 5.69669914,5.19669914 C8.04101739,2.85238089 11.2606138,1.72147333 14.4980938,2.02230302 Z\" fill=\"#000000\" fill-rule=\"nonzero\" opacity=\"0.3\"><\/path> <\/g> <\/svg>\n<\/div><\/div><div class=\"media-body text-left\"><h6 class=\"font-weight-bold  secondary-font text-heading-default animate-in \" style=\"\" data-anim-type=\"fade-in-up\" data-anim-delay=\"700\">Telefon<\/h6><div class=\"text-body-default      animate-in\" style=\"padding-top:10px;\" data-anim-type=\"fade-in-up\" data-anim-delay=\"800\">+90 322 428 78 88<br \/>\r\n+90 322 428 22 39<\/div><\/div><\/div><div id=\"1670438283543-db501657-64d6\" class=\"media \"><div class=\"rounded-circle mr-3 d-inline-block2 d-inline-flex align-items-center justify-content-center line-height-0 bg-gradient-primary-light animate-in\" data-anim-type=\"fade-in-up\" data-anim-delay=\"800\" style=\" width:64.8px;height:64.8px;position:relative;text-align:center;\"><div class=\"text-gradient-primary\" style=\"display:inline-block;width:36px;height:36px;font-size:36px;\"><svg width=\"100%\" height=\"100%\" viewBox=\"0 0 24 24\" version=\"1.1\" xmlns=\"http:\/\/www.w3.org\/2000\/svg\" xmlns:xlink=\"http:\/\/www.w3.org\/1999\/xlink\"> <defs><\/defs> <g stroke=\"none\" stroke-width=\"1\" fill=\"none\" fill-rule=\"evenodd\"> <path d=\"M21.9999843,15.009808 L22.0249378,15 L22.0249378,19.5857864 C22.0249378,20.1380712 21.5772226,20.5857864 21.0249378,20.5857864 C20.7597213,20.5857864 20.5053674,20.4804296 20.317831,20.2928932 L18.0249378,18 L5,18 C3.34314575,18 2,16.6568542 2,15 L2,6 C2,4.34314575 3.34314575,3 5,3 L19,3 C20.6568542,3 22,4.34314575 22,6 L22,15 C22,15.0032706 21.9999948,15.0065399 21.9999843,15.009808 Z M6.16794971,10.5547002 C7.67758127,12.8191475 9.64566871,14 12,14 C14.3543313,14 16.3224187,12.8191475 17.8320503,10.5547002 C18.1384028,10.0951715 18.0142289,9.47430216 17.5547002,9.16794971 C17.0951715,8.86159725 16.4743022,8.98577112 16.1679497,9.4452998 C15.0109146,11.1808525 13.6456687,12 12,12 C10.3543313,12 8.9890854,11.1808525 7.83205029,9.4452998 C7.52569784,8.98577112 6.90482849,8.86159725 6.4452998,9.16794971 C5.98577112,9.47430216 5.86159725,10.0951715 6.16794971,10.5547002 Z\" fill=\"#000000\"><\/path> <\/g> <\/svg><\/div><\/div><div class=\"media-body text-left\"><h6 class=\"font-weight-bold  secondary-font text-heading-default animate-in \" style=\"\" data-anim-type=\"fade-in-up\" data-anim-delay=\"900\">E-Posta<\/h6><div class=\"text-body-default      animate-in\" style=\"padding-top:10px;\" data-anim-type=\"fade-in-up\" data-anim-delay=\"1000\">info@frostcar.com<\/div><\/div><\/div>[\/vc_column][vc_column width=&#8221;1\/2&#8243; content_align=&#8221;text-center&#8221;][vc_column_text]<iframe loading=\"lazy\" style=\"border: 0;\" src=\"https:\/\/www.google.com\/maps\/embed?pb=!1m14!1m8!1m3!1d6024.79883054441!2d29.099286!3d40.972734!3m2!1i1024!2i768!4f13.1!3m3!1m2!1s0x0%3A0x63e9c0791c30bf98!2sFrostcar%20Istanbul%20Sales%20Office!5e0!3m2!1sen!2str!4v1670423700590!5m2!1sen!2str\" width=\"600\" height=\"450\" allowfullscreen=\"allowfullscreen\"><\/iframe>[\/vc_column_text][\/vc_column][\/vc_row][\/vc_section]<\/p>\r\n","protected":false},"excerpt":{"rendered":"[vc_section full_width=&#8221;stretch_row&#8221; full_height=&#8221;yes&#8221; content_placement=&#8221;middle&#8221; fade_in_opacity=&#8221;pix-opacity-1&#8243; pix_over_visibility=&#8221;&#8221; bottom_divider_select=&#8221;18&#8243; b_has_animation=&#8221;true&#8221; b_1_color=&#8221;#f8f9fa&#8221; b_2_animation=&#8221;fade-in-up&#8221; b_3_animation=&#8221;fade-in-up&#8221; pix_overlay_color=&#8221;gray-9&#8243; css=&#8221;.vc_custom_1670423398563{padding-top: 40px !important;padding-bottom: 40px !important;}&#8221; fade_in_intro=&#8221;13419&#8243; b_custom_height=&#8221;200px&#8221; b_2_delay=&#8221;200&#8243; b_3_delay=&#8221;300&#8243; pix_overlay_opacity=&#8221;0.9&#8243;][vc_row content_placement=&#8221;middle&#8221; pix_dark_mode=&#8221;yes&#8221; pix_particles_check=&#8221;&#8221; css=&#8221;.vc_custom_1590464267125{padding-top: 60px !important;padding-bottom: 60px !important;}&#8221;][vc_column content_align=&#8221;text-center&#8221; css=&#8221;.vc_custom_1590278076706{padding-top: 20px !important;padding-bottom: 20px !important;}&#8221;][\/vc_column][\/vc_row][\/vc_section][vc_section full_width=&#8221;stretch_row&#8221; pix_over_visibility=&#8221;&#8221; css=&#8221;.vc_custom_1670424125155{padding-top: 100px&#8230;","protected":false},"author":1,"featured_media":0,"parent":0,"menu_order":0,"comment_status":"closed","ping_status":"open","template":"","meta":{"footnotes":""},"_links":{"self":[{"href":"https:\/\/www.frostcar.com\/tr\/wp-json\/wp\/v2\/pages\/4074"}],"collection":[{"href":"https:\/\/www.frostcar.com\/tr\/wp-json\/wp\/v2\/pages"}],"about":[{"href":"https:\/\/www.frostcar.com\/tr\/wp-json\/wp\/v2\/types\/page"}],"author":[{"embeddable":true,"href":"https:\/\/www.frostcar.com\/tr\/wp-json\/wp\/v2\/users\/1"}],"replies":[{"embeddable":true,"href":"https:\/\/www.frostcar.com\/tr\/wp-json\/wp\/v2\/comments?post=4074"}],"version-history":[{"count":0,"href":"https:\/\/www.frostcar.com\/tr\/wp-json\/wp\/v2\/pages\/4074\/revisions"}],"wp:attachment":[{"href":"https:\/\/www.frostcar.com\/tr\/wp-json\/wp\/v2\/media?parent=4074"}],"curies":[{"name":"wp","href":"https:\/\/api.w.org\/{rel}","templated":true}]}}