{"id":8,"date":"2019-12-21T14:45:51","date_gmt":"2019-12-21T14:45:51","guid":{"rendered":"https:\/\/essentials.pixfort.com\/original\/?page_id=8"},"modified":"2023-01-13T23:56:20","modified_gmt":"2023-01-13T20:56:20","slug":"homepage-original","status":"publish","type":"page","link":"https:\/\/www.frostcar.com\/tr\/","title":{"rendered":"Anasayfa"},"content":{"rendered":"[vc_row full_width=&#8221;stretch_row_content_no_spaces&#8221; pix_particles_check=&#8221;&#8221;][vc_column]<div class=\"pix-slider-div  animate-in rounded-0\" data-anim-type=\"fade-in\" data-anim-delay=\"0\" ><div id=\"pix-slider-178000245\" class=\"pix-slider rounded-0 overflow-hidden  bg-custom pix-slider-full no-dots\" style=\"background:;\" data-flickity='{\"autoPlay\":6000,\"wrapAround\":true}'><div class=\"carousel-cell p-0\">\n\t\t\t\t\t\t\t            <div class=\"pix-intro-1 d-inline-block w-100\" >\n\t\t\t\t\t\t\t                <div class=\"pix-intro-img jarallax-slider2 w-100\" data-jarallax2 data-speed=\"0.4\" ><img class=\"jarallax-img2 pix-opacity-10 pix-fit-cover w-100\" src=\"https:\/\/www.frostcar.com\/wp-content\/uploads\/2022\/12\/frostcar_20201001_fc430.jpg\" data-srcset=\"https:\/\/www.frostcar.com\/wp-content\/uploads\/2022\/12\/frostcar_20201001_fc430-300x117.jpg 300w, https:\/\/www.frostcar.com\/wp-content\/uploads\/2022\/12\/frostcar_20201001_fc430-1024x400.jpg 1024w, https:\/\/www.frostcar.com\/wp-content\/uploads\/2022\/12\/frostcar_20201001_fc430-768x300.jpg 768w, https:\/\/www.frostcar.com\/wp-content\/uploads\/2022\/12\/frostcar_20201001_fc430-1536x600.jpg 1536w, https:\/\/www.frostcar.com\/wp-content\/uploads\/2022\/12\/frostcar_20201001_fc430.jpg 1920w\" alt=\"\" \/><\/div>\n\t\t\t\t\t\t\t                <div class=\"container\">\n\t\t\t\t\t\t\t                    <div class=\"row row-eq-height align-items-center pix-py-200\" >\n\t\t\t\t\t\t\t\t\t\t\t\t\t\n\t\t\t\t\t\t\t                        <div class=\"col-12 col-md-8 pix-py-50 pix-px-40 d-md-flex\">\n\t\t\t\t\t\t\t                            <div class=\"w-100 text-left\"><\/div>\n\t\t\t\t\t\t\t                        <\/div>\n\t\t\t\t\t\t\t                    <\/div>\n\t\t\t\t\t\t\t                <\/div>\n\t\t\t\t\t\t\t            <\/div>\n\t\t\t\t\t\t\t        <\/div><div class=\"carousel-cell p-0\">\n\t\t\t\t\t\t\t            <div class=\"pix-intro-1 d-inline-block w-100\" >\n\t\t\t\t\t\t\t                <div class=\"pix-intro-img jarallax-slider2 w-100\" data-jarallax2 data-speed=\"0.4\" ><img class=\"jarallax-img2 pix-opacity-10 pix-fit-cover w-100\" src=\"https:\/\/www.frostcar.com\/wp-content\/uploads\/2022\/12\/frostcar_20201210_eutectic_body_chasiss_insulation.jpg\" data-srcset=\"https:\/\/www.frostcar.com\/wp-content\/uploads\/2022\/12\/frostcar_20201210_eutectic_body_chasiss_insulation-300x117.jpg 300w, https:\/\/www.frostcar.com\/wp-content\/uploads\/2022\/12\/frostcar_20201210_eutectic_body_chasiss_insulation-1024x400.jpg 1024w, https:\/\/www.frostcar.com\/wp-content\/uploads\/2022\/12\/frostcar_20201210_eutectic_body_chasiss_insulation-768x300.jpg 768w, https:\/\/www.frostcar.com\/wp-content\/uploads\/2022\/12\/frostcar_20201210_eutectic_body_chasiss_insulation-1536x600.jpg 1536w, https:\/\/www.frostcar.com\/wp-content\/uploads\/2022\/12\/frostcar_20201210_eutectic_body_chasiss_insulation.jpg 1920w\" alt=\"\" \/><\/div>\n\t\t\t\t\t\t\t                <div class=\"container\">\n\t\t\t\t\t\t\t                    <div class=\"row row-eq-height align-items-center pix-py-200\" >\n\t\t\t\t\t\t\t\t\t\t\t\t\t\n\t\t\t\t\t\t\t                        <div class=\"col-12 col-md-8 pix-py-50 pix-px-40 d-md-flex\">\n\t\t\t\t\t\t\t                            <div class=\"w-100 text-left\"><\/div>\n\t\t\t\t\t\t\t                        <\/div>\n\t\t\t\t\t\t\t                    <\/div>\n\t\t\t\t\t\t\t                <\/div>\n\t\t\t\t\t\t\t            <\/div>\n\t\t\t\t\t\t\t        <\/div><div class=\"carousel-cell p-0\">\n\t\t\t\t\t\t\t            <div class=\"pix-intro-1 d-inline-block w-100\" >\n\t\t\t\t\t\t\t                <div class=\"pix-intro-img jarallax-slider2 w-100\" data-jarallax2 data-speed=\"0.4\" ><img class=\"jarallax-img2 pix-opacity-10 pix-fit-cover w-100\" src=\"https:\/\/www.frostcar.com\/wp-content\/uploads\/2022\/12\/frostcar_20201110_10930.jpg\" data-srcset=\"https:\/\/www.frostcar.com\/wp-content\/uploads\/2022\/12\/frostcar_20201110_10930-300x109.jpg 300w, https:\/\/www.frostcar.com\/wp-content\/uploads\/2022\/12\/frostcar_20201110_10930-1024x373.jpg 1024w, https:\/\/www.frostcar.com\/wp-content\/uploads\/2022\/12\/frostcar_20201110_10930-768x280.jpg 768w, https:\/\/www.frostcar.com\/wp-content\/uploads\/2022\/12\/frostcar_20201110_10930-1536x560.jpg 1536w, https:\/\/www.frostcar.com\/wp-content\/uploads\/2022\/12\/frostcar_20201110_10930.jpg 1920w\" alt=\"\" \/><\/div>\n\t\t\t\t\t\t\t                <div class=\"container\">\n\t\t\t\t\t\t\t                    <div class=\"row row-eq-height align-items-center pix-py-200\" >\n\t\t\t\t\t\t\t\t\t\t\t\t\t\n\t\t\t\t\t\t\t                        <div class=\"col-12 col-md-8 pix-py-50 pix-px-40 d-md-flex\">\n\t\t\t\t\t\t\t                            <div class=\"w-100 text-left\"><\/div>\n\t\t\t\t\t\t\t                        <\/div>\n\t\t\t\t\t\t\t                    <\/div>\n\t\t\t\t\t\t\t                <\/div>\n\t\t\t\t\t\t\t            <\/div>\n\t\t\t\t\t\t\t        <\/div><\/div><div class=\"container\"><div class=\"row\"><div class=\"col-12 px-0\"><div class=\"pix-slider-nav-full pix-style-2  bg-gradient-primary2 animate-in\" data-anim-type=\"fade-in\" data-anim-delay=\"200\" data-nav-align=\"left\" data-slider=\"#pix-slider-178000245\" style=\"background:;\"><div class=\"carousel-cell\">\n\t\t\t\t\t\t\t\t<div class=\"dot-img-container bg-gradient-primary shadow-lg shadow-hover-lg fly-sm  animate-in\"  data-anim-type=\"fade-in-right\" data-anim-delay=\"400\">\n\t\t\t\t\t\t\t\t<div class=\"dot-img-container-inner\">\n\t\t\t\t\t            <img class=\"img-fluid\" src=\"https:\/\/www.frostcar.com\/wp-content\/uploads\/2022\/12\/frostcar_20201001_fc430.jpg\" alt=\"\" \/>\n\t\t\t\t\t\t\t\t<\/div>\n\t\t\t\t\t\t\t\t<\/div>\n\t\t\t\t\t        <\/div><div class=\"carousel-cell\">\n\t\t\t\t\t\t\t\t<div class=\"dot-img-container bg-gradient-primary shadow-lg shadow-hover-lg fly-sm  animate-in\"  data-anim-type=\"fade-in-right\" data-anim-delay=\"500\">\n\t\t\t\t\t\t\t\t<div class=\"dot-img-container-inner\">\n\t\t\t\t\t            <img class=\"img-fluid\" src=\"https:\/\/www.frostcar.com\/wp-content\/uploads\/2022\/12\/frostcar_20201210_eutectic_body_chasiss_insulation.jpg\" alt=\"\" \/>\n\t\t\t\t\t\t\t\t<\/div>\n\t\t\t\t\t\t\t\t<\/div>\n\t\t\t\t\t        <\/div><div class=\"carousel-cell\">\n\t\t\t\t\t\t\t\t<div class=\"dot-img-container bg-gradient-primary shadow-lg shadow-hover-lg fly-sm  animate-in\"  data-anim-type=\"fade-in-right\" data-anim-delay=\"600\">\n\t\t\t\t\t\t\t\t<div class=\"dot-img-container-inner\">\n\t\t\t\t\t            <img class=\"img-fluid\" src=\"https:\/\/www.frostcar.com\/wp-content\/uploads\/2022\/12\/frostcar_20201110_10930.jpg\" alt=\"\" \/>\n\t\t\t\t\t\t\t\t<\/div>\n\t\t\t\t\t\t\t\t<\/div>\n\t\t\t\t\t        <\/div><\/div><\/div><\/div><\/div><\/div>[\/vc_column][\/vc_row][vc_section full_width=&#8221;stretch_row&#8221; content_placement=&#8221;middle&#8221; pix_over_visibility=&#8221;&#8221; pix_visibility=&#8221;1&#8243; bottom_divider_color=&#8221;&#8221; css=&#8221;.vc_custom_1670449856788{padding-top: 30px !important;padding-bottom: 120px !important;}&#8221;][vc_row pix_particles_check=&#8221;&#8221; css=&#8221;.vc_custom_1600557824045{padding-bottom: 60px !important;}&#8221;][vc_column content_align=&#8221;text-center&#8221;]<div  class=\"pix-heading-el text-center  vc_custom_1672845676028\"><div><div class=\"slide-in-container\"><h4 class=\"text-heading-default animate-in heading-text el-title_custom_color mb-12\" style=\"\" data-anim-type=\"fade-in-up\" data-anim-delay=\"100\">UZUN \u00d6M\u00dcRL\u00dc &amp; G\u00dc\u00c7L\u00dc YAPI<\/h4><\/div><\/div><\/div><div class=\"d-inline-block \" ><div class=\"pix-img-el    text-center d-inline-block  w-100 rounded-0\"  ><img class=\"card-img2 pix-img-elem rounded-0  h-1002\" style=\"height:auto;\" width=\"33\" height=\"7\" src=\"https:\/\/www.frostcar.com\/wp-content\/uploads\/2023\/01\/frostcar_icon.png\" alt=\"\" \/><\/div><\/div><div  class=\"pix-heading-el text-center  vc_custom_1672845685084\"><div><div class=\"slide-in-container\"><h4 class=\"text-heading-default animate-in heading-text el-title_custom_color mb-12\" style=\"\" data-anim-type=\"fade-in-up\" data-anim-delay=\"100\">\u201cHST\u201d ile daha iyi yal\u0131t\u0131m ve y\u00fcksek dayan\u0131kl\u0131l\u0131k teknolojisi<\/h4><\/div><\/div><\/div><div class=\"pix-el-text w-100 text-center \" ><div class=\"d-inline-block\" style=\"max-width:750px;\"><p class=\"  text-body-default text-center \" ><span class=\"animate-in d-inline-block\" data-anim-delay=\"200\" data-anim-type=\"fade-in\">T\u00fcm panel duvarlar\u0131, tavan ve zemin ba\u011flant\u0131lar\u0131 takviyeli fiberglas ile yal\u0131t\u0131lm\u0131\u015ft\u0131r. T\u00fcm paneller, nem \u00f6nleme ve en iyi so\u011futma sistemi i\u00e7in deneyimli ekibimiz taraf\u0131ndan defalarca test edilir.<\/span><\/p><\/div><\/div>[\/vc_column][\/vc_row][vc_row pix_particles_check=&#8221;&#8221;][vc_column width=&#8221;1\/3&#8243;]<div id=\"1670441237133-f68b54ba-a1fc\" class=\"pix-feature-el text-center  vc_custom_1672813362858\"><div class=\"d-inline-block text-primary animate-in\" data-anim-type=\"fade-in-up\" data-anim-delay=\"\" style=\"width:75.6px;height:75.6px;position:relative;line-height:75.6px;text-align:center;\"><span style=\"display:inline-block;font-size:42px;line-height:42px;\"><svg width=\"100%\" height=\"100%\" viewBox=\"0 0 24 24\" version=\"1.1\" xmlns=\"http:\/\/www.w3.org\/2000\/svg\" xmlns:xlink=\"http:\/\/www.w3.org\/1999\/xlink\"> <defs><\/defs> <g stroke=\"none\" stroke-width=\"1\" fill=\"none\" fill-rule=\"evenodd\"> <path d=\"M5,19 L20,19 C20.5522847,19 21,19.4477153 21,20 C21,20.5522847 20.5522847,21 20,21 L4,21 C3.44771525,21 3,20.5522847 3,20 L3,4 C3,3.44771525 3.44771525,3 4,3 C4.55228475,3 5,3.44771525 5,4 L5,19 Z\" id=\"Path-95\" fill=\"#000000\" fill-rule=\"nonzero\"><\/path> <path d=\"M8.7295372,14.6839411 C8.35180695,15.0868534 7.71897114,15.1072675 7.31605887,14.7295372 C6.9131466,14.3518069 6.89273254,13.7189711 7.2704628,13.3160589 L11.0204628,9.31605887 C11.3857725,8.92639521 11.9928179,8.89260288 12.3991193,9.23931335 L15.358855,11.7649545 L19.2151172,6.88035571 C19.5573373,6.44687693 20.1861655,6.37289714 20.6196443,6.71511723 C21.0531231,7.05733733 21.1271029,7.68616551 20.7848828,8.11964429 L16.2848828,13.8196443 C15.9333973,14.2648593 15.2823707,14.3288915 14.8508807,13.9606866 L11.8268294,11.3801628 L8.7295372,14.6839411 Z\" id=\"Path-97\" fill=\"#000000\" fill-rule=\"nonzero\" opacity=\"0.3\"><\/path> <\/g> <\/svg><\/span><\/div><div class=\"   text-heading-default animate-in\" style=\"padding-top:30px;font-size:20px;\" data-anim-type=\"fade-in-up\" data-anim-delay=\"100\">Uzun \u00d6m\u00fcrl\u00fc<\/div><div class=\"text-body-default      animate-in\" style=\"padding-top:15px;\" data-anim-type=\"fade-in-up\" data-anim-delay=\"200\">Mekanik t\u00fcm par\u00e7alar uzun \u00f6m\u00fcrl\u00fc olacak \u015fekilde tasarlanm\u0131\u015ft\u0131r.<\/div><\/div>[\/vc_column][vc_column width=&#8221;1\/3&#8243;]<div id=\"1670441237195-ce9d3c8b-6228\" class=\"pix-feature-el text-center  vc_custom_1672813446057\"><div class=\"d-inline-block text-primary animate-in\" data-anim-type=\"fade-in-up\" data-anim-delay=\"\" style=\"width:75.6px;height:75.6px;position:relative;line-height:75.6px;text-align:center;\"><span style=\"display:inline-block;font-size:42px;line-height:42px;\"><svg width=\"100%\" height=\"100%\" viewBox=\"0 0 24 24\" version=\"1.1\" xmlns=\"http:\/\/www.w3.org\/2000\/svg\" xmlns:xlink=\"http:\/\/www.w3.org\/1999\/xlink\"> <defs><\/defs> <g stroke=\"none\" stroke-width=\"1\" fill=\"none\" fill-rule=\"evenodd\"> <path d=\"M4.875,20.75 C4.63541667,20.75 4.39583333,20.6541667 4.20416667,20.4625 L2.2875,18.5458333 C1.90416667,18.1625 1.90416667,17.5875 2.2875,17.2041667 C2.67083333,16.8208333 3.29375,16.8208333 3.62916667,17.2041667 L4.875,18.45 L8.0375,15.2875 C8.42083333,14.9041667 8.99583333,14.9041667 9.37916667,15.2875 C9.7625,15.6708333 9.7625,16.2458333 9.37916667,16.6291667 L5.54583333,20.4625 C5.35416667,20.6541667 5.11458333,20.75 4.875,20.75 Z\" id=\"check\" fill=\"#000000\" fill-rule=\"nonzero\" opacity=\"0.3\"><\/path> <path d=\"M2,11.8650466 L2,6 C2,4.34314575 3.34314575,3 5,3 L19,3 C20.6568542,3 22,4.34314575 22,6 L22,15 C22,15.0032706 21.9999948,15.0065399 21.9999843,15.009808 L22.0249378,15 L22.0249378,19.5857864 C22.0249378,20.1380712 21.5772226,20.5857864 21.0249378,20.5857864 C20.7597213,20.5857864 20.5053674,20.4804296 20.317831,20.2928932 L18.0249378,18 L12.9835977,18 C12.7263047,14.0909841 9.47412135,11 5.5,11 C4.23590829,11 3.04485894,11.3127315 2,11.8650466 Z M6,7 C5.44771525,7 5,7.44771525 5,8 C5,8.55228475 5.44771525,9 6,9 L15,9 C15.5522847,9 16,8.55228475 16,8 C16,7.44771525 15.5522847,7 15,7 L6,7 Z\" fill=\"#000000\"><\/path> <\/g> <\/svg><\/span><\/div><div class=\"   text-heading-default animate-in\" style=\"padding-top:30px;font-size:20px;\" data-anim-type=\"fade-in-up\" data-anim-delay=\"100\">Y\u00fcksek kaliteli yal\u0131t\u0131m<\/div><div class=\"text-body-default      animate-in\" style=\"padding-top:15px;\" data-anim-type=\"fade-in-up\" data-anim-delay=\"200\">\u00dcr\u00fcnlerimiz d\u00fcnya standartlar\u0131ndaki bile\u015fenlerden olu\u015fturulmu\u015ftur.<\/div><\/div>[\/vc_column][vc_column width=&#8221;1\/3&#8243;]<div id=\"1670441237244-05c232b1-0caa\" class=\"pix-feature-el text-center  vc_custom_1672813422933\"><div class=\"d-inline-block text-primary animate-in\" data-anim-type=\"fade-in-up\" data-anim-delay=\"\" style=\"width:75.6px;height:75.6px;position:relative;line-height:75.6px;text-align:center;\"><span style=\"display:inline-block;font-size:42px;line-height:42px;\"><svg width=\"100%\" height=\"100%\" viewBox=\"0 0 24 24\" version=\"1.1\" xmlns=\"http:\/\/www.w3.org\/2000\/svg\" xmlns:xlink=\"http:\/\/www.w3.org\/1999\/xlink\"> <defs><\/defs> <g stroke=\"none\" stroke-width=\"1\" fill=\"none\" fill-rule=\"evenodd\"> <circle fill=\"#000000\" opacity=\"0.3\" cx=\"12\" cy=\"12\" r=\"10\"><\/circle> <path d=\"M16.7689447,7.81768175 C17.1457787,7.41393107 17.7785676,7.39211077 18.1823183,7.76894473 C18.5860689,8.1457787 18.6078892,8.77856757 18.2310553,9.18231825 L11.2310553,16.6823183 C10.8654446,17.0740439 10.2560456,17.107974 9.84920863,16.7592566 L6.34920863,13.7592566 C5.92988278,13.3998345 5.88132125,12.7685345 6.2407434,12.3492086 C6.60016555,11.9298828 7.23146553,11.8813212 7.65079137,12.2407434 L10.4229928,14.616916 L16.7689447,7.81768175 Z\" fill=\"#000000\" fill-rule=\"nonzero\"><\/path> <\/g> <\/svg><\/span><\/div><div class=\"   text-heading-default animate-in\" style=\"padding-top:30px;font-size:20px;\" data-anim-type=\"fade-in-up\" data-anim-delay=\"100\">G\u00fc\u00e7l\u00fc g\u00f6vde<\/div><div class=\"text-body-default      animate-in\" style=\"padding-top:15px;\" data-anim-type=\"fade-in-up\" data-anim-delay=\"200\">\u00dcr\u00fcnlerimiz, zorlu yol ve hava ko\u015fullar\u0131 i\u00e7in tasarlanm\u0131\u015ft\u0131r.<\/div><\/div>[\/vc_column][\/vc_row][\/vc_section][vc_section full_width=&#8221;stretch_row&#8221; pix_over_visibility=&#8221;&#8221; css=&#8221;.vc_custom_1592707370084{padding-top: 80px !important;padding-bottom: 80px !important;background-color: #ffffff !important;}&#8221;][vc_row content_placement=&#8221;middle&#8221; pix_particles_check=&#8221;&#8221;][vc_column width=&#8221;1\/2&#8243; css=&#8221;.vc_custom_1591234701512{padding-right: 20px !important;padding-left: 20px !important;}&#8221;]<div id=\"el1670442607211-6e81285a-5ea0\" class=\"mb-3 text-left  vc_custom_1672644084342\"><h5 class=\"mb-32 pix-sliding-headline body-font\" data-class=\"body-font text-heading-default\" data-style=\"\">\u00d6tektik Yap\u0131lar\u0131n Avantajlar\u0131<\/h5><\/div><div id=\"el1670442671554-64936079-e067\" class=\"mb-3 text-left  vc_custom_1672644108768\"><h4 class=\"mb-32 pix-sliding-headline body-font\" data-class=\"body-font text-heading-default\" data-style=\"\">Teslimat s\u0131ras\u0131nda yak\u0131t veya enerji gerektirmez, bak\u0131m gerektirmez, s\u0131f\u0131r g\u00fcr\u00fclt\u00fcl\u00fc \u00e7al\u0131\u015f\u0131r.<\/h4><\/div><div class=\"pix-el-text w-100  \" ><p class=\"  text-body-default  \" ><span class=\"animate-in d-inline-block\" data-anim-delay=\"900\" data-anim-type=\"fade-in-up\">Ara\u00e7 motoru kapal\u0131yken bile s\u00fcrekli so\u011futma sa\u011flar. Sistem, yak\u0131t tasarrufu, daha az enerji t\u00fcketimi ve daha az karbon emisyonu gibi bir \u00e7ok avantaj sa\u011flar.<\/span><\/p><\/div>[vc_row_inner css=&#8221;.vc_custom_1672813168143{margin-top: 40px !important;}&#8221;][vc_column_inner width=&#8221;1\/4&#8243; offset=&#8221;vc_col-xs-3&#8243;]<div id=\"duo-icon-152953379\" class=\"pix-icon text-left \"><div class=\"feature_img \"   style=\"\"><img style=\"width:;height:;\" class=\"img-fluid2 pix-fit-cover \" src=\"https:\/\/www.frostcar.com\/wp-content\/uploads\/2023\/01\/frostcar_eco_friendly.svg\" alt=\"\"><\/div><\/div>[\/vc_column_inner][vc_column_inner width=&#8221;1\/4&#8243; offset=&#8221;vc_col-xs-3&#8243;]<div id=\"duo-icon-24972856\" class=\"pix-icon text-left \"><div class=\"feature_img \"   style=\"\"><img style=\"width:;height:;\" class=\"img-fluid2 pix-fit-cover \" src=\"https:\/\/www.frostcar.com\/wp-content\/uploads\/2023\/01\/frostcar_ce_certificate.svg\" alt=\"\"><\/div><\/div>[\/vc_column_inner][vc_column_inner width=&#8221;1\/4&#8243; offset=&#8221;vc_col-xs-3&#8243;]<div id=\"duo-icon-71133714\" class=\"pix-icon text-left \"><div class=\"feature_img \"   style=\"\"><img style=\"width:;height:;\" class=\"img-fluid2 pix-fit-cover \" src=\"https:\/\/www.frostcar.com\/wp-content\/uploads\/2023\/01\/frostcar_iso_9001.svg\" alt=\"\"><\/div><\/div>[\/vc_column_inner][vc_column_inner width=&#8221;1\/4&#8243; offset=&#8221;vc_col-xs-3&#8243;]<div id=\"duo-icon-62476846\" class=\"pix-icon text-left \"><div class=\"feature_img \"   style=\"\"><img style=\"width:;height:;\" class=\"img-fluid2 pix-fit-cover \" src=\"https:\/\/www.frostcar.com\/wp-content\/uploads\/2023\/01\/frostcar_tuv.svg\" alt=\"\"><\/div><\/div>[\/vc_column_inner][\/vc_row_inner][\/vc_column][vc_column width=&#8221;1\/2&#8243; css=&#8221;.vc_custom_1592230956225{padding-top: 20px !important;padding-bottom: 20px !important;}&#8221;]<div class=\"animate-in d-inline-block2\" data-anim-type=\"fade-in-up\" data-anim-delay=\"0\"><div class=\"tilt\"><div class=\"pix-video bg-heading-default rounded-xl  vc_custom_1673643378662  shadow-lg shadow-hover-lg\"  ><img alt=\"Image\" src=\"https:\/\/www.frostcar.com\/wp-content\/uploads\/2023\/01\/Frostcar-Eutectic-Solutions-video.jpg\" class=\"video-bg pix-opacity-8\" \/><div class=\"video-play-btn video-play-btn-inline d-flex align-items-center justify-content-center scale shadow-lg bg-light-opacity-3\" style=\"width:100px;height:100px;\"><span class=\"text-white\" style=\"height:50px;width:50px;\"><svg xmlns=\"http:\/\/www.w3.org\/2000\/svg\" viewBox=\"0 0 24 24\" ><path d=\"M8 6.82v10.36c0 .79.87 1.27 1.54.84l8.14-5.18c.62-.39.62-1.29 0-1.69L9.54 5.98C8.87 5.55 8 6.03 8 6.82z\"\/><\/svg>\n<\/span><\/div><div class=\"embed-responsive embed-responsive-1by1\"><video width=\"600\" controls>\n\t<source src=\"\/wp-content\/uploads\/2023\/01\/Frostcar-Eutectic-Solutions.mp4\" type=\"video\/mp4\">\n<\/video><\/div><\/div><\/div><\/div>[\/vc_column][\/vc_row][\/vc_section][vc_row full_width=&#8221;stretch_row&#8221; pix_particles_check=&#8221;&#8221; css=&#8221;.vc_custom_1672812665805{padding-top: 20px !important;padding-bottom: 20px !important;background-color: #ffffff !important;}&#8221;][vc_column content_align=&#8221;text-center&#8221;]<div  class=\"pix-heading-el text-center \"><div><div class=\"slide-in-container\"><div class=\"text-black heading-text el-title_custom_color mb-12\" style=\"font-size:25px;\" data-anim-type=\"\" data-anim-delay=\"0\">PARTNERLER\u0130M\u0130Z<\/div><\/div><\/div><\/div><div class=\"d-inline-block \" ><div class=\"pix-img-el    text-center d-inline-block  w-100 rounded-0\"  ><img class=\"card-img2 pix-img-elem rounded-0  h-1002\" style=\"height:auto;\" width=\"33\" height=\"7\" src=\"https:\/\/www.frostcar.com\/wp-content\/uploads\/2023\/01\/frostcar_icon.png\" alt=\"\" \/><\/div><\/div>[vc_row_inner][vc_column_inner]<div class=\"clients row  \"><div class=\"clearfix w-100 col-12\"><\/div><div class=\"col-md col-12 -6  text-center client2 d-inline-block2 d-inline-flex client shadow-hover-lg rounded-xl\"><div class=\"py-3 d-inline-block align-self-center w-100\" title=\"\"><img src=\"https:\/\/www.frostcar.com\/wp-content\/uploads\/2023\/01\/isuzu_logo.svg\" width=\"500\" height=\"350\" class=\"animate-in\" alt=\"\" data-anim-type=\"fade-in-Img\" data-anim-delay=\"0\"><\/div><\/div><div class=\"col-md col-12 -6  text-center client2 d-inline-block2 d-inline-flex client shadow-hover-lg rounded-xl\"><div class=\"py-3 d-inline-block align-self-center w-100\" title=\"\"><img src=\"https:\/\/www.frostcar.com\/wp-content\/uploads\/2023\/01\/iveco_logo.svg\" width=\"500\" height=\"350\" class=\"animate-in\" alt=\"\" data-anim-type=\"fade-in-Img\" data-anim-delay=\"0\"><\/div><\/div><div class=\"col-md col-12 -6  text-center client2 d-inline-block2 d-inline-flex client shadow-hover-lg rounded-xl\"><div class=\"py-3 d-inline-block align-self-center w-100\" title=\"\"><img src=\"https:\/\/www.frostcar.com\/wp-content\/uploads\/2023\/01\/mitsubishi_logo.svg\" width=\"500\" height=\"350\" class=\"animate-in\" alt=\"\" data-anim-type=\"fade-in-Img\" data-anim-delay=\"0\"><\/div><\/div><div class=\"col-md col-12 -6  text-center client2 d-inline-block2 d-inline-flex client shadow-hover-lg rounded-xl\"><div class=\"py-3 d-inline-block align-self-center w-100\" title=\"\"><img src=\"https:\/\/www.frostcar.com\/wp-content\/uploads\/2023\/01\/ford_logo.svg\" width=\"500\" height=\"350\" class=\"animate-in\" alt=\"\" data-anim-type=\"fade-in-Img\" data-anim-delay=\"0\"><\/div><\/div><div class=\"col-md col-12 -6  text-center client2 d-inline-block2 d-inline-flex client shadow-hover-lg rounded-xl\"><div class=\"py-3 d-inline-block align-self-center w-100\" title=\"\"><img src=\"https:\/\/www.frostcar.com\/wp-content\/uploads\/2023\/01\/mercedes_logo.svg\" width=\"500\" height=\"350\" class=\"animate-in\" alt=\"\" data-anim-type=\"fade-in-Img\" data-anim-delay=\"0\"><\/div><\/div><div class=\"col-md col-12 -6  text-center client2 d-inline-block2 d-inline-flex client shadow-hover-lg rounded-xl\"><div class=\"py-3 d-inline-block align-self-center w-100\" title=\"\"><img src=\"https:\/\/www.frostcar.com\/wp-content\/uploads\/2023\/01\/kia_logo.svg\" width=\"500\" height=\"350\" class=\"animate-in\" alt=\"\" data-anim-type=\"fade-in-Img\" data-anim-delay=\"0\"><\/div><\/div><\/div>\n[\/vc_column_inner][\/vc_row_inner][\/vc_column][\/vc_row]","protected":false},"excerpt":{"rendered":"[vc_row full_width=&#8221;stretch_row_content_no_spaces&#8221; pix_particles_check=&#8221;&#8221;][vc_column][\/vc_column][\/vc_row][vc_section full_width=&#8221;stretch_row&#8221; content_placement=&#8221;middle&#8221; pix_over_visibility=&#8221;&#8221; pix_visibility=&#8221;1&#8243; bottom_divider_color=&#8221;&#8221; css=&#8221;.vc_custom_1670449856788{padding-top: 30px !important;padding-bottom: 120px !important;}&#8221;][vc_row pix_particles_check=&#8221;&#8221; css=&#8221;.vc_custom_1600557824045{padding-bottom: 60px !important;}&#8221;][vc_column content_align=&#8221;text-center&#8221;][\/vc_column][\/vc_row][vc_row pix_particles_check=&#8221;&#8221;][vc_column width=&#8221;1\/3&#8243;][\/vc_column][vc_column width=&#8221;1\/3&#8243;][\/vc_column][vc_column width=&#8221;1\/3&#8243;][\/vc_column][\/vc_row][\/vc_section][vc_section full_width=&#8221;stretch_row&#8221; pix_over_visibility=&#8221;&#8221; css=&#8221;.vc_custom_1592707370084{padding-top: 80px !important;padding-bottom: 80px !important;background-color: #ffffff !important;}&#8221;][vc_row content_placement=&#8221;middle&#8221; pix_particles_check=&#8221;&#8221;][vc_column width=&#8221;1\/2&#8243; css=&#8221;.vc_custom_1591234701512{padding-right: 20px !important;padding-left: 20px !important;}&#8221;][vc_row_inner css=&#8221;.vc_custom_1672813168143{margin-top:&#8230;","protected":false},"author":1,"featured_media":0,"parent":0,"menu_order":0,"comment_status":"closed","ping_status":"closed","template":"","meta":{"footnotes":""},"_links":{"self":[{"href":"https:\/\/www.frostcar.com\/tr\/wp-json\/wp\/v2\/pages\/8"}],"collection":[{"href":"https:\/\/www.frostcar.com\/tr\/wp-json\/wp\/v2\/pages"}],"about":[{"href":"https:\/\/www.frostcar.com\/tr\/wp-json\/wp\/v2\/types\/page"}],"author":[{"embeddable":true,"href":"https:\/\/www.frostcar.com\/tr\/wp-json\/wp\/v2\/users\/1"}],"replies":[{"embeddable":true,"href":"https:\/\/www.frostcar.com\/tr\/wp-json\/wp\/v2\/comments?post=8"}],"version-history":[{"count":25,"href":"https:\/\/www.frostcar.com\/tr\/wp-json\/wp\/v2\/pages\/8\/revisions"}],"predecessor-version":[{"id":14431,"href":"https:\/\/www.frostcar.com\/tr\/wp-json\/wp\/v2\/pages\/8\/revisions\/14431"}],"wp:attachment":[{"href":"https:\/\/www.frostcar.com\/tr\/wp-json\/wp\/v2\/media?parent=8"}],"curies":[{"name":"wp","href":"https:\/\/api.w.org\/{rel}","templated":true}]}}